{"id":7597,"date":"2015-04-27T09:36:20","date_gmt":"2015-04-27T09:36:20","guid":{"rendered":"http:\/\/www.pyramidconsulting.es\/informacion-legal\/?lang=fr"},"modified":"2016-09-22T15:54:29","modified_gmt":"2016-09-22T15:54:29","slug":"actualite-legale","status":"publish","type":"page","link":"https:\/\/www.pyramidconsulting.es\/fr\/actualite-legale\/","title":{"rendered":"Actualit\u00e9 l\u00e9gale"},"content":{"rendered":"<p>[et_pb_section admin_label=\u00a0\u00bbsection\u00a0\u00bb fullwidth=\u00a0\u00bbon\u00a0\u00bb specialty=\u00a0\u00bboff\u00a0\u00bb background_color=\u00a0\u00bb#256d9d\u00a0\u00bb inner_shadow=\u00a0\u00bbon\u00a0\u00bb parallax=\u00a0\u00bboff\u00a0\u00bb transparent_background=\u00a0\u00bboff\u00a0\u00bb allow_player_pause=\u00a0\u00bboff\u00a0\u00bb parallax_method=\u00a0\u00bboff\u00a0\u00bb padding_mobile=\u00a0\u00bboff\u00a0\u00bb make_fullwidth=\u00a0\u00bboff\u00a0\u00bb use_custom_width=\u00a0\u00bboff\u00a0\u00bb width_unit=\u00a0\u00bbon\u00a0\u00bb make_equal=\u00a0\u00bboff\u00a0\u00bb use_custom_gutter=\u00a0\u00bboff\u00a0\u00bb custom_css_main_element=\u00a0\u00bbpadding: 0px;\u00a0\u00bb][et_pb_fullwidth_header admin_label=\u00a0\u00bbFullwidth Header\u00a0\u00bb title=\u00a0\u00bbActualidad Legal\u00a0\u00bb subhead=\u00a0\u00bbNoticias de actualidad legal\u00a0\u00bb background_layout=\u00a0\u00bbdark\u00a0\u00bb text_orientation=\u00a0\u00bbleft\u00a0\u00bb header_fullscreen=\u00a0\u00bboff\u00a0\u00bb header_scroll_down=\u00a0\u00bboff\u00a0\u00bb parallax=\u00a0\u00bboff\u00a0\u00bb parallax_method=\u00a0\u00bboff\u00a0\u00bb content_orientation=\u00a0\u00bbcenter\u00a0\u00bb image_orientation=\u00a0\u00bbcenter\u00a0\u00bb custom_button_one=\u00a0\u00bboff\u00a0\u00bb button_one_letter_spacing=\u00a0\u00bb0&Prime; button_one_use_icon=\u00a0\u00bbdefault\u00a0\u00bb button_one_icon_placement=\u00a0\u00bbright\u00a0\u00bb button_one_on_hover=\u00a0\u00bbon\u00a0\u00bb button_one_letter_spacing_hover=\u00a0\u00bb0&Prime; custom_button_two=\u00a0\u00bboff\u00a0\u00bb button_two_letter_spacing=\u00a0\u00bb0&Prime; button_two_use_icon=\u00a0\u00bbdefault\u00a0\u00bb button_two_icon_placement=\u00a0\u00bbright\u00a0\u00bb button_two_on_hover=\u00a0\u00bbon\u00a0\u00bb button_two_letter_spacing_hover=\u00a0\u00bb0&Prime; custom_css_main_element=\u00a0\u00bbpadding: 15px;\u00a0\u00bb] [\/et_pb_fullwidth_header][\/et_pb_section][et_pb_section admin_label=\u00a0\u00bbsection\u00a0\u00bb fullwidth=\u00a0\u00bboff\u00a0\u00bb specialty=\u00a0\u00bboff\u00a0\u00bb][et_pb_row admin_label=\u00a0\u00bbrow\u00a0\u00bb][et_pb_column type=\u00a0\u00bb1_4&Prime;][et_pb_text admin_label=\u00a0\u00bbTexto\u00a0\u00bb background_layout=\u00a0\u00bblight\u00a0\u00bb text_orientation=\u00a0\u00bbleft\u00a0\u00bb use_border_color=\u00a0\u00bboff\u00a0\u00bb border_color=\u00a0\u00bb#ffffff\u00a0\u00bb border_style=\u00a0\u00bbsolid\u00a0\u00bb custom_margin=\u00a0\u00bb||5px|\u00a0\u00bb]<\/p>\n<h3><span style=\"color: #256d9d;\"><a href=\"https:\/\/www.pyramidconsulting.es\/actualidad-juridica\/\">Actualidad Jur\u00eddica<\/a><\/span><\/h3>\n<p>[\/et_pb_text][et_pb_divider admin_label=\u00a0\u00bbSeparador\u00a0\u00bb color=\u00a0\u00bb#173a6c\u00a0\u00bb show_divider=\u00a0\u00bbon\u00a0\u00bb module_class=\u00a0\u00bbseparador\u00a0\u00bb] [\/et_pb_divider][et_pb_blog admin_label=\u00a0\u00bbBlog\u00a0\u00bb fullwidth=\u00a0\u00bboff\u00a0\u00bb include_categories=\u00a0\u00bb21&Prime; show_thumbnail=\u00a0\u00bbon\u00a0\u00bb show_content=\u00a0\u00bboff\u00a0\u00bb show_more=\u00a0\u00bbon\u00a0\u00bb show_author=\u00a0\u00bbon\u00a0\u00bb show_date=\u00a0\u00bbon\u00a0\u00bb show_categories=\u00a0\u00bboff\u00a0\u00bb show_pagination=\u00a0\u00bbon\u00a0\u00bb offset_number=\u00a0\u00bb0&Prime; background_layout=\u00a0\u00bblight\u00a0\u00bb show_comments=\u00a0\u00bbon\u00a0\u00bb use_dropshadow=\u00a0\u00bboff\u00a0\u00bb use_border_color=\u00a0\u00bboff\u00a0\u00bb border_color=\u00a0\u00bb#ffffff\u00a0\u00bb border_style=\u00a0\u00bbsolid\u00a0\u00bb] [\/et_pb_blog][\/et_pb_column][et_pb_column type=\u00a0\u00bb1_4&Prime;][et_pb_text admin_label=\u00a0\u00bbTexto\u00a0\u00bb background_layout=\u00a0\u00bblight\u00a0\u00bb text_orientation=\u00a0\u00bbleft\u00a0\u00bb use_border_color=\u00a0\u00bboff\u00a0\u00bb border_color=\u00a0\u00bb#ffffff\u00a0\u00bb border_style=\u00a0\u00bbsolid\u00a0\u00bb custom_margin=\u00a0\u00bb||5px|\u00a0\u00bb]<\/p>\n<h3><span style=\"color: #256d9d;\"><a href=\"https:\/\/www.pyramidconsulting.es\/noticias\/\">Noticias<\/a><\/span><\/h3>\n<p>[\/et_pb_text][et_pb_divider admin_label=\u00a0\u00bbSeparador\u00a0\u00bb color=\u00a0\u00bb#173a6c\u00a0\u00bb show_divider=\u00a0\u00bbon\u00a0\u00bb module_class=\u00a0\u00bbseparador\u00a0\u00bb] [\/et_pb_divider][et_pb_blog admin_label=\u00a0\u00bbBlog\u00a0\u00bb fullwidth=\u00a0\u00bboff\u00a0\u00bb include_categories=\u00a0\u00bb2&Prime; show_thumbnail=\u00a0\u00bbon\u00a0\u00bb show_content=\u00a0\u00bboff\u00a0\u00bb show_more=\u00a0\u00bbon\u00a0\u00bb show_author=\u00a0\u00bbon\u00a0\u00bb show_date=\u00a0\u00bbon\u00a0\u00bb show_categories=\u00a0\u00bboff\u00a0\u00bb show_pagination=\u00a0\u00bbon\u00a0\u00bb offset_number=\u00a0\u00bb0&Prime; background_layout=\u00a0\u00bblight\u00a0\u00bb show_comments=\u00a0\u00bbon\u00a0\u00bb use_dropshadow=\u00a0\u00bboff\u00a0\u00bb use_border_color=\u00a0\u00bboff\u00a0\u00bb border_color=\u00a0\u00bb#ffffff\u00a0\u00bb border_style=\u00a0\u00bbsolid\u00a0\u00bb] [\/et_pb_blog][\/et_pb_column][et_pb_column type=\u00a0\u00bb1_4&Prime;][et_pb_text admin_label=\u00a0\u00bbTexto\u00a0\u00bb background_layout=\u00a0\u00bblight\u00a0\u00bb text_orientation=\u00a0\u00bbleft\u00a0\u00bb use_border_color=\u00a0\u00bboff\u00a0\u00bb border_color=\u00a0\u00bb#ffffff\u00a0\u00bb border_style=\u00a0\u00bbsolid\u00a0\u00bb custom_margin=\u00a0\u00bb||5px|\u00a0\u00bb]<\/p>\n<h3><span style=\"color: #256d9d;\">Por una DGT mejor<\/span><\/h3>\n<p>[\/et_pb_text][et_pb_divider admin_label=\u00a0\u00bbSeparador\u00a0\u00bb color=\u00a0\u00bb#173a6c\u00a0\u00bb show_divider=\u00a0\u00bbon\u00a0\u00bb module_class=\u00a0\u00bbseparador\u00a0\u00bb] [\/et_pb_divider][et_pb_blog admin_label=\u00a0\u00bbBlog\u00a0\u00bb fullwidth=\u00a0\u00bboff\u00a0\u00bb include_categories=\u00a0\u00bb734&Prime; show_thumbnail=\u00a0\u00bbon\u00a0\u00bb show_content=\u00a0\u00bboff\u00a0\u00bb show_more=\u00a0\u00bbon\u00a0\u00bb show_author=\u00a0\u00bbon\u00a0\u00bb show_date=\u00a0\u00bbon\u00a0\u00bb show_categories=\u00a0\u00bboff\u00a0\u00bb show_pagination=\u00a0\u00bbon\u00a0\u00bb offset_number=\u00a0\u00bb0&Prime; background_layout=\u00a0\u00bblight\u00a0\u00bb show_comments=\u00a0\u00bbon\u00a0\u00bb use_dropshadow=\u00a0\u00bboff\u00a0\u00bb use_border_color=\u00a0\u00bboff\u00a0\u00bb border_color=\u00a0\u00bb#ffffff\u00a0\u00bb border_style=\u00a0\u00bbsolid\u00a0\u00bb use_overlay=\u00a0\u00bboff\u00a0\u00bb] [\/et_pb_blog][\/et_pb_column][et_pb_column type=\u00a0\u00bb1_4&Prime;][et_pb_sidebar admin_label=\u00a0\u00bbSidebar\u00a0\u00bb orientation=\u00a0\u00bbright\u00a0\u00bb area=\u00a0\u00bbsidebar-1&Prime; background_layout=\u00a0\u00bblight\u00a0\u00bb] [\/et_pb_sidebar][\/et_pb_column][\/et_pb_row][\/et_pb_section]<\/p>\n","protected":false},"excerpt":{"rendered":"<p>Actualidad Jur\u00eddica Noticias Por una DGT mejor<\/p>\n","protected":false},"author":1,"featured_media":0,"parent":0,"menu_order":0,"comment_status":"open","ping_status":"open","template":"","meta":{"_acf_changed":false,"_et_pb_use_builder":"on","_et_pb_old_content":"","_et_gb_content_width":"","_joinchat":[],"footnotes":"","_links_to":"","_links_to_target":""},"class_list":["post-7597","page","type-page","status-publish","hentry"],"acf":[],"yoast_head":"<!-- This site is optimized with the Yoast SEO plugin v27.2 - https:\/\/yoast.com\/product\/yoast-seo-wordpress\/ -->\n<title>Nouvelles juridique - Pyramid Consulting -<\/title>\n<meta name=\"description\" content=\"Ont-ils jamais mis une amende? D\u00e9couvrez dans notre nouvelles fa\u00e7on de g\u00e9rer vos ressources pour \u00e9viter les amendes pour exc\u00e8s de vitesse.\" \/>\n<meta name=\"robots\" content=\"index, follow, max-snippet:-1, max-image-preview:large, max-video-preview:-1\" \/>\n<link rel=\"canonical\" href=\"https:\/\/www.pyramidconsulting.es\/fr\/actualite-legale\/\" \/>\n<meta property=\"og:locale\" content=\"fr_FR\" \/>\n<meta property=\"og:type\" content=\"article\" \/>\n<meta property=\"og:title\" content=\"Nouvelles juridique - Pyramid Consulting -\" \/>\n<meta property=\"og:description\" content=\"Ont-ils jamais mis une amende? D\u00e9couvrez dans notre nouvelles fa\u00e7on de g\u00e9rer vos ressources pour \u00e9viter les amendes pour exc\u00e8s de vitesse.\" \/>\n<meta property=\"og:url\" content=\"https:\/\/www.pyramidconsulting.es\/fr\/actualite-legale\/\" \/>\n<meta property=\"og:site_name\" content=\"Pyramid Consulting\" \/>\n<meta property=\"article:publisher\" content=\"https:\/\/www.facebook.com\/multayuda?fref=ts\" \/>\n<meta property=\"article:modified_time\" content=\"2016-09-22T15:54:29+00:00\" \/>\n<meta name=\"twitter:card\" content=\"summary_large_image\" \/>\n<meta name=\"twitter:site\" content=\"@Multayuda\" \/>\n<meta name=\"twitter:label1\" content=\"Dur\u00e9e de lecture estim\u00e9e\" \/>\n\t<meta name=\"twitter:data1\" content=\"3 minutes\" \/>\n<script type=\"application\/ld+json\" class=\"yoast-schema-graph\">{\"@context\":\"https:\/\/schema.org\",\"@graph\":[{\"@type\":\"WebPage\",\"@id\":\"https:\/\/www.pyramidconsulting.es\/fr\/actualite-legale\/\",\"url\":\"https:\/\/www.pyramidconsulting.es\/fr\/actualite-legale\/\",\"name\":\"Nouvelles juridique - Pyramid Consulting -\",\"isPartOf\":{\"@id\":\"https:\/\/www.pyramidconsulting.es\/#website\"},\"datePublished\":\"2015-04-27T09:36:20+00:00\",\"dateModified\":\"2016-09-22T15:54:29+00:00\",\"description\":\"Ont-ils jamais mis une amende? D\u00e9couvrez dans notre nouvelles fa\u00e7on de g\u00e9rer vos ressources pour \u00e9viter les amendes pour exc\u00e8s de vitesse.\",\"breadcrumb\":{\"@id\":\"https:\/\/www.pyramidconsulting.es\/fr\/actualite-legale\/#breadcrumb\"},\"inLanguage\":\"fr-FR\",\"potentialAction\":[{\"@type\":\"ReadAction\",\"target\":[\"https:\/\/www.pyramidconsulting.es\/fr\/actualite-legale\/\"]}]},{\"@type\":\"BreadcrumbList\",\"@id\":\"https:\/\/www.pyramidconsulting.es\/fr\/actualite-legale\/#breadcrumb\",\"itemListElement\":[{\"@type\":\"ListItem\",\"position\":1,\"name\":\"Accueil\",\"item\":\"https:\/\/www.pyramidconsulting.es\/fr\/\"},{\"@type\":\"ListItem\",\"position\":2,\"name\":\"Actualit\u00e9 l\u00e9gale\"}]},{\"@type\":\"WebSite\",\"@id\":\"https:\/\/www.pyramidconsulting.es\/#website\",\"url\":\"https:\/\/www.pyramidconsulting.es\/\",\"name\":\"Pyramid Consulting\",\"description\":\"Gestion de Multas. Ganamos 3 de cada 4 recursos.\",\"potentialAction\":[{\"@type\":\"SearchAction\",\"target\":{\"@type\":\"EntryPoint\",\"urlTemplate\":\"https:\/\/www.pyramidconsulting.es\/?s={search_term_string}\"},\"query-input\":{\"@type\":\"PropertyValueSpecification\",\"valueRequired\":true,\"valueName\":\"search_term_string\"}}],\"inLanguage\":\"fr-FR\"}]}<\/script>\n<!-- \/ Yoast SEO plugin. -->","yoast_head_json":{"title":"Nouvelles juridique - Pyramid Consulting -","description":"Ont-ils jamais mis une amende? D\u00e9couvrez dans notre nouvelles fa\u00e7on de g\u00e9rer vos ressources pour \u00e9viter les amendes pour exc\u00e8s de vitesse.","robots":{"index":"index","follow":"follow","max-snippet":"max-snippet:-1","max-image-preview":"max-image-preview:large","max-video-preview":"max-video-preview:-1"},"canonical":"https:\/\/www.pyramidconsulting.es\/fr\/actualite-legale\/","og_locale":"fr_FR","og_type":"article","og_title":"Nouvelles juridique - Pyramid Consulting -","og_description":"Ont-ils jamais mis une amende? D\u00e9couvrez dans notre nouvelles fa\u00e7on de g\u00e9rer vos ressources pour \u00e9viter les amendes pour exc\u00e8s de vitesse.","og_url":"https:\/\/www.pyramidconsulting.es\/fr\/actualite-legale\/","og_site_name":"Pyramid Consulting","article_publisher":"https:\/\/www.facebook.com\/multayuda?fref=ts","article_modified_time":"2016-09-22T15:54:29+00:00","twitter_card":"summary_large_image","twitter_site":"@Multayuda","twitter_misc":{"Dur\u00e9e de lecture estim\u00e9e":"3 minutes"},"schema":{"@context":"https:\/\/schema.org","@graph":[{"@type":"WebPage","@id":"https:\/\/www.pyramidconsulting.es\/fr\/actualite-legale\/","url":"https:\/\/www.pyramidconsulting.es\/fr\/actualite-legale\/","name":"Nouvelles juridique - Pyramid Consulting -","isPartOf":{"@id":"https:\/\/www.pyramidconsulting.es\/#website"},"datePublished":"2015-04-27T09:36:20+00:00","dateModified":"2016-09-22T15:54:29+00:00","description":"Ont-ils jamais mis une amende? D\u00e9couvrez dans notre nouvelles fa\u00e7on de g\u00e9rer vos ressources pour \u00e9viter les amendes pour exc\u00e8s de vitesse.","breadcrumb":{"@id":"https:\/\/www.pyramidconsulting.es\/fr\/actualite-legale\/#breadcrumb"},"inLanguage":"fr-FR","potentialAction":[{"@type":"ReadAction","target":["https:\/\/www.pyramidconsulting.es\/fr\/actualite-legale\/"]}]},{"@type":"BreadcrumbList","@id":"https:\/\/www.pyramidconsulting.es\/fr\/actualite-legale\/#breadcrumb","itemListElement":[{"@type":"ListItem","position":1,"name":"Accueil","item":"https:\/\/www.pyramidconsulting.es\/fr\/"},{"@type":"ListItem","position":2,"name":"Actualit\u00e9 l\u00e9gale"}]},{"@type":"WebSite","@id":"https:\/\/www.pyramidconsulting.es\/#website","url":"https:\/\/www.pyramidconsulting.es\/","name":"Pyramid Consulting","description":"Gestion de Multas. Ganamos 3 de cada 4 recursos.","potentialAction":[{"@type":"SearchAction","target":{"@type":"EntryPoint","urlTemplate":"https:\/\/www.pyramidconsulting.es\/?s={search_term_string}"},"query-input":{"@type":"PropertyValueSpecification","valueRequired":true,"valueName":"search_term_string"}}],"inLanguage":"fr-FR"}]}},"_links":{"self":[{"href":"https:\/\/www.pyramidconsulting.es\/fr\/wp-json\/wp\/v2\/pages\/7597","targetHints":{"allow":["GET"]}}],"collection":[{"href":"https:\/\/www.pyramidconsulting.es\/fr\/wp-json\/wp\/v2\/pages"}],"about":[{"href":"https:\/\/www.pyramidconsulting.es\/fr\/wp-json\/wp\/v2\/types\/page"}],"author":[{"embeddable":true,"href":"https:\/\/www.pyramidconsulting.es\/fr\/wp-json\/wp\/v2\/users\/1"}],"replies":[{"embeddable":true,"href":"https:\/\/www.pyramidconsulting.es\/fr\/wp-json\/wp\/v2\/comments?post=7597"}],"version-history":[{"count":0,"href":"https:\/\/www.pyramidconsulting.es\/fr\/wp-json\/wp\/v2\/pages\/7597\/revisions"}],"wp:attachment":[{"href":"https:\/\/www.pyramidconsulting.es\/fr\/wp-json\/wp\/v2\/media?parent=7597"}],"curies":[{"name":"wp","href":"https:\/\/api.w.org\/{rel}","templated":true}]}}