{"id":7446,"date":"2015-04-24T08:42:16","date_gmt":"2015-04-24T08:42:16","guid":{"rendered":"http:\/\/www.pyramidconsulting.es\/tienesmultas-com-empresa\/?lang=pt-pt"},"modified":"2016-10-11T11:44:04","modified_gmt":"2016-10-11T11:44:04","slug":"tienesmultas-com-empresa-port","status":"publish","type":"page","link":"https:\/\/www.pyramidconsulting.es\/pt-pt\/tienesmultas-com-empresa-port\/","title":{"rendered":"Tienesmultas.com (Empresa Pt)"},"content":{"rendered":"<p>[et_pb_section admin_label=&#8221;section&#8221; transparent_background=&#8221;off&#8221; background_color=&#8221;#ffffff&#8221; allow_player_pause=&#8221;off&#8221; inner_shadow=&#8221;off&#8221; parallax=&#8221;off&#8221; parallax_method=&#8221;off&#8221; module_id=&#8221;magin-top &#8221; module_class=&#8221;magin-top &#8221; padding_mobile=&#8221;off&#8221; make_fullwidth=&#8221;off&#8221; use_custom_width=&#8221;off&#8221; width_unit=&#8221;on&#8221; make_equal=&#8221;off&#8221; use_custom_gutter=&#8221;off&#8221; custom_css_main_element=&#8221;margin-top: -80px;||margin-bottom: -80px;&#8221;][et_pb_row admin_label=&#8221;row&#8221;][et_pb_column type=&#8221;4_4&#8243;][et_pb_text admin_label=&#8221;Texto&#8221; background_layout=&#8221;light&#8221; text_orientation=&#8221;left&#8221; use_border_color=&#8221;off&#8221; border_color=&#8221;#ffffff&#8221; border_style=&#8221;solid&#8221;] [masterslider id=&#8221;31&#8243;] [\/et_pb_text][\/et_pb_column][\/et_pb_row][\/et_pb_section][et_pb_section admin_label=&#8221;section&#8221; fullwidth=&#8221;off&#8221; specialty=&#8221;off&#8221; transparent_background=&#8221;off&#8221; background_color=&#8221;#1b6ba0&#8243; allow_player_pause=&#8221;off&#8221; inner_shadow=&#8221;off&#8221; parallax=&#8221;off&#8221; parallax_method=&#8221;off&#8221; module_id=&#8221;padding0&#8243; module_class=&#8221;padding0 margintop margintop2&#8243; padding_mobile=&#8221;off&#8221; make_fullwidth=&#8221;off&#8221; use_custom_width=&#8221;off&#8221; width_unit=&#8221;on&#8221; make_equal=&#8221;off&#8221; use_custom_gutter=&#8221;off&#8221; custom_css_main_element=&#8221;Padding: 10px;&#8221;][et_pb_row admin_label=&#8221;row&#8221;][et_pb_column type=&#8221;4_4&#8243;][et_pb_text admin_label=&#8221;Texto&#8221; background_layout=&#8221;dark&#8221; text_orientation=&#8221;left&#8221; use_border_color=&#8221;off&#8221; border_color=&#8221;#ffffff&#8221; border_style=&#8221;solid&#8221;]<\/p>\n<h1 style=\"text-align: center;\"><strong><span style=\"color: #5ec0eb;\">NAO SE PREOCUPE COM AS SUAS COIMAS, N\u00d3S GERENCIAMOS<\/span><\/strong><\/h1>\n<h2 style=\"text-align: center;\">Avisaremos at\u00e9 mesmo dessas que vo\u00e7e nao conhece para tramitar-las a tempo.<\/h2>\n<p>[\/et_pb_text][\/et_pb_column][\/et_pb_row][\/et_pb_section][et_pb_section admin_label=&#8221;section&#8221; fullwidth=&#8221;off&#8221; specialty=&#8221;off&#8221;][et_pb_row admin_label=&#8221;row&#8221;][et_pb_column type=&#8221;1_3&#8243;][et_pb_cta admin_label=&#8221;Llamada a la acci\u00f3n&#8221; url_new_window=&#8221;off&#8221; use_background_color=&#8221;on&#8221; background_color=&#8221;#c7e9fa&#8221; background_layout=&#8221;light&#8221; text_orientation=&#8221;center&#8221; body_line_height=&#8221;2em&#8221; use_border_color=&#8221;off&#8221; border_color=&#8221;#ffffff&#8221; border_style=&#8221;solid&#8221; custom_padding=&#8221;10|20|15|20&#8243; custom_button=&#8221;off&#8221; button_letter_spacing=&#8221;0&#8243; button_use_icon=&#8221;default&#8221; button_icon_placement=&#8221;right&#8221; button_on_hover=&#8221;on&#8221; button_letter_spacing_hover=&#8221;0&#8243; custom_css_main_element=&#8221;min-height: 440px;||border-radius: 30px;&#8221; saved_tabs=&#8221;all&#8221;]<\/p>\n<p style=\"text-align: center;\"><a href=\"\/wp-content\/uploads\/2015\/04\/Nuevo-tienes-multas1.png\"><img loading=\"lazy\" decoding=\"async\" class=\"alignnone wp-image-1796\" src=\"\/wp-content\/uploads\/2015\/04\/Nuevo-tienes-multas1.png\" alt=\"\" width=\"263\" height=\"125\" srcset=\"https:\/\/cdn.pyramidconsulting.es\/imageswp\/Nuevo-tienes-multas1.png 752w, https:\/\/cdn.pyramidconsulting.es\/imageswp\/Nuevo-tienes-multas1-300x143.png 300w\" sizes=\"(max-width: 263px) 100vw, 263px\" \/><\/a><\/p>\n<form class=\"formulario-mutas\" action=\"https:\/\/www.tienesmultas.com\/index\" method=\"POST\" target=\"_blank\">\n<table class=\"formulario-mutas\" align=\"center\">\n<tbody>\n<tr>\n<td><strong>DNI\/CIF:<\/strong><\/td>\n<td class=\"celdas\"><input class=\"celdas\" name=\"dni\" type=\"text\" value=\"\" \/><\/td>\n<\/tr>\n<tr>\n<td><strong>Placa do carro:<\/strong><\/td>\n<td class=\"celdas\"><input class=\"celdas\" name=\"matricula\" type=\"text\" value=\"\" \/><\/td>\n<\/tr>\n<\/tbody>\n<\/table>\n<p align=\"center\"><input class=\"wpcf7-submit\" type=\"submit\" value=\"Verifique\" \/><\/p>\n<\/form>\n<p>&nbsp;<\/p>\n<p style=\"text-align: center;\">\u00a0Consulta tus multas en el BOE y Testra<\/p>\n<p>[\/et_pb_cta][\/et_pb_column][et_pb_column type=&#8221;2_3&#8243;][et_pb_blurb admin_label=&#8221;Precios A MEDIDA para su empresa&#8221; title=&#8221;Pre\u00e7os a medida para a sua empresa&#8221; url_new_window=&#8221;off&#8221; use_icon=&#8221;on&#8221; font_icon=&#8221;A&#8221; icon_color=&#8221;#256d9d&#8221; use_circle=&#8221;off&#8221; circle_color=&#8221;#7EBEC5&#8243; use_circle_border=&#8221;off&#8221; circle_border_color=&#8221;#7EBEC5&#8243; icon_placement=&#8221;left&#8221; animation=&#8221;top&#8221; background_layout=&#8221;light&#8221; text_orientation=&#8221;left&#8221; use_icon_font_size=&#8221;off&#8221; use_border_color=&#8221;off&#8221; border_color=&#8221;#ffffff&#8221; border_style=&#8221;solid&#8221;] [\/et_pb_blurb][et_pb_blurb admin_label=&#8221;Anuncio&#8221; title=&#8221;Rapidez&#8221; url_new_window=&#8221;off&#8221; use_icon=&#8221;on&#8221; font_icon=&#8221;A&#8221; icon_color=&#8221;#256d9d&#8221; use_circle=&#8221;off&#8221; circle_color=&#8221;#7EBEC5&#8243; use_circle_border=&#8221;off&#8221; circle_border_color=&#8221;#7EBEC5&#8243; icon_placement=&#8221;left&#8221; animation=&#8221;top&#8221; background_layout=&#8221;light&#8221; text_orientation=&#8221;left&#8221; use_icon_font_size=&#8221;off&#8221; use_border_color=&#8221;off&#8221; border_color=&#8221;#ffffff&#8221; border_style=&#8221;solid&#8221;]<\/p>\n<p>oferecemos uma pesquisa r\u00e1pida.<\/p>\n<p>[\/et_pb_blurb][et_pb_blurb admin_label=&#8221;Anuncio&#8221; title=&#8221;A melhor informa\u00e7ao&#8221; url_new_window=&#8221;off&#8221; use_icon=&#8221;on&#8221; font_icon=&#8221;A&#8221; icon_color=&#8221;#256d9d&#8221; use_circle=&#8221;off&#8221; circle_color=&#8221;#7EBEC5&#8243; use_circle_border=&#8221;off&#8221; circle_border_color=&#8221;#7EBEC5&#8243; icon_placement=&#8221;left&#8221; animation=&#8221;top&#8221; background_layout=&#8221;light&#8221; text_orientation=&#8221;left&#8221; use_icon_font_size=&#8221;off&#8221; use_border_color=&#8221;off&#8221; border_color=&#8221;#ffffff&#8221; border_style=&#8221;solid&#8221;]<\/p>\n<p>Mostramos todos los datos de la sanci\u00f3n.<\/p>\n<p>[\/et_pb_blurb][et_pb_blurb admin_label=&#8221;Anuncio&#8221; title=&#8221;Efic\u00e1cia&#8221; url_new_window=&#8221;off&#8221; use_icon=&#8221;on&#8221; font_icon=&#8221;A&#8221; icon_color=&#8221;#256d9d&#8221; use_circle=&#8221;off&#8221; circle_color=&#8221;#7EBEC5&#8243; use_circle_border=&#8221;off&#8221; circle_border_color=&#8221;#7EBEC5&#8243; icon_placement=&#8221;left&#8221; animation=&#8221;top&#8221; background_layout=&#8221;light&#8221; text_orientation=&#8221;left&#8221; use_icon_font_size=&#8221;off&#8221; use_border_color=&#8221;off&#8221; border_color=&#8221;#ffffff&#8221; border_style=&#8221;solid&#8221;]<\/p>\n<p>Informamos ainda qualquer outra publica\u00e7ao relativas ao seu C.I.F.<\/p>\n<p>[\/et_pb_blurb][et_pb_blurb admin_label=&#8221;Anuncio&#8221; title=&#8221;A tempo&#8221; url_new_window=&#8221;off&#8221; use_icon=&#8221;on&#8221; font_icon=&#8221;A&#8221; icon_color=&#8221;#256d9d&#8221; use_circle=&#8221;off&#8221; circle_color=&#8221;#7EBEC5&#8243; use_circle_border=&#8221;off&#8221; circle_border_color=&#8221;#7EBEC5&#8243; icon_placement=&#8221;left&#8221; animation=&#8221;top&#8221; background_layout=&#8221;light&#8221; text_orientation=&#8221;left&#8221; use_icon_font_size=&#8221;off&#8221; use_border_color=&#8221;off&#8221; border_color=&#8221;#ffffff&#8221; border_style=&#8221;solid&#8221;]<\/p>\n<p>n\u00f3s inform\u00e1-\u00f1p quando encontramos uma coima para poder gestionar-la em tempo.<\/p>\n<p>[\/et_pb_blurb][\/et_pb_column][\/et_pb_row][\/et_pb_section][et_pb_section admin_label=&#8221;section&#8221; fullwidth=&#8221;off&#8221; specialty=&#8221;off&#8221; background_image=&#8221;\/wp-content\/uploads\/2015\/04\/Prueba-fondo-coche-ok1.jpg&#8221; transparent_background=&#8221;off&#8221; background_color=&#8221;#ffffff&#8221; allow_player_pause=&#8221;off&#8221; inner_shadow=&#8221;off&#8221; parallax=&#8221;off&#8221; parallax_method=&#8221;off&#8221; padding_mobile=&#8221;off&#8221; make_fullwidth=&#8221;off&#8221; use_custom_width=&#8221;off&#8221; width_unit=&#8221;on&#8221; make_equal=&#8221;off&#8221; use_custom_gutter=&#8221;off&#8221;][et_pb_row admin_label=&#8221;row&#8221;][et_pb_column type=&#8221;4_4&#8243;][et_pb_text admin_label=&#8221;Texto&#8221; background_layout=&#8221;light&#8221; text_orientation=&#8221;left&#8221; use_border_color=&#8221;off&#8221; border_color=&#8221;#ffffff&#8221; border_style=&#8221;solid&#8221; custom_css_main_element=&#8221;margin-bottom: -50px;&#8221;]<\/p>\n<p style=\"text-align: center;\"><img loading=\"lazy\" decoding=\"async\" class=\"alignnone wp-image-737 size-full\" src=\"\/wp-content\/uploads\/2015\/04\/Iphone-ipad.png\" alt=\"\" width=\"400\" height=\"300\" srcset=\"https:\/\/cdn.pyramidconsulting.es\/imageswp\/Iphone-ipad.png 400w, https:\/\/cdn.pyramidconsulting.es\/imageswp\/Iphone-ipad-300x225.png 300w\" sizes=\"(max-width: 400px) 100vw, 400px\" \/><\/p>\n<h2 style=\"text-align: center;\">Descargue nuestra App disponible para todos los dispositivos<\/h2>\n<p>[\/et_pb_text][\/et_pb_column][\/et_pb_row][et_pb_row admin_label=&#8221;Fila&#8221; make_fullwidth=&#8221;off&#8221; use_custom_width=&#8221;off&#8221; width_unit=&#8221;on&#8221; use_custom_gutter=&#8221;off&#8221; padding_mobile=&#8221;off&#8221; allow_player_pause=&#8221;off&#8221; parallax=&#8221;off&#8221; parallax_method=&#8221;off&#8221; make_equal=&#8221;off&#8221; column_padding_mobile=&#8221;on&#8221;][et_pb_column type=&#8221;1_4&#8243;][\/et_pb_column][et_pb_column type=&#8221;1_4&#8243;][et_pb_image admin_label=&#8221;Imagen&#8221; src=&#8221;https:\/\/cdn.pyramidconsulting.es\/imageswp\/Apple-store1.png&#8221; show_in_lightbox=&#8221;off&#8221; url=&#8221;https:\/\/itunes.apple.com\/es\/app\/tienesmultas\/id619121391?mt=8&#8243; url_new_window=&#8221;on&#8221; animation=&#8221;left&#8221; sticky=&#8221;off&#8221; align=&#8221;center&#8221; force_fullwidth=&#8221;off&#8221; always_center_on_mobile=&#8221;on&#8221; use_border_color=&#8221;off&#8221; border_color=&#8221;#ffffff&#8221; border_style=&#8221;solid&#8221; use_overlay=&#8221;off&#8221;] [\/et_pb_image][\/et_pb_column][et_pb_column type=&#8221;1_4&#8243;][et_pb_image admin_label=&#8221;Imagen&#8221; src=&#8221;https:\/\/cdn.pyramidconsulting.es\/imageswp\/Google-Play.png&#8221; show_in_lightbox=&#8221;off&#8221; url=&#8221;https:\/\/play.google.com\/store\/apps\/details?id=com.tienesmultas&amp;hl=es&#8221; url_new_window=&#8221;on&#8221; animation=&#8221;left&#8221; sticky=&#8221;off&#8221; align=&#8221;center&#8221; force_fullwidth=&#8221;off&#8221; always_center_on_mobile=&#8221;on&#8221; use_border_color=&#8221;off&#8221; border_color=&#8221;#ffffff&#8221; border_style=&#8221;solid&#8221; custom_margin=&#8221;0px|0px|0px|0px&#8221;] [\/et_pb_image][\/et_pb_column][et_pb_column type=&#8221;1_4&#8243;][\/et_pb_column][\/et_pb_row][\/et_pb_section][et_pb_section admin_label=&#8221;section&#8221; fullwidth=&#8221;off&#8221; specialty=&#8221;off&#8221; transparent_background=&#8221;off&#8221; background_color=&#8221;#eaeaea&#8221; allow_player_pause=&#8221;off&#8221; inner_shadow=&#8221;off&#8221; parallax=&#8221;off&#8221; parallax_method=&#8221;off&#8221; module_id=&#8221;padding0&#8243; module_class=&#8221;padding0&#8243;][et_pb_row admin_label=&#8221;row&#8221;][et_pb_column type=&#8221;1_3&#8243;][et_pb_number_counter admin_label=&#8221;Contador de n\u00famero&#8221; title=&#8221;Visitas&#8221; number=&#8221;1.019.443&#8243; percent_sign=&#8221;off&#8221; counter_color=&#8221;#084c82&#8243; background_layout=&#8221;light&#8221; number_font_size=&#8221;45&#8243; use_border_color=&#8221;off&#8221; border_color=&#8221;#ffffff&#8221; border_style=&#8221;solid&#8221;] [\/et_pb_number_counter][\/et_pb_column][et_pb_column type=&#8221;1_3&#8243;][et_pb_number_counter admin_label=&#8221;Contador de n\u00famero&#8221; title=&#8221;Usuarios Registrados&#8221; number=&#8221;24.857&#8243; percent_sign=&#8221;off&#8221; counter_color=&#8221;#084c82&#8243; background_layout=&#8221;light&#8221; number_font_size=&#8221;45&#8243; use_border_color=&#8221;off&#8221; border_color=&#8221;#ffffff&#8221; border_style=&#8221;solid&#8221;] [\/et_pb_number_counter][\/et_pb_column][et_pb_column type=&#8221;1_3&#8243;][et_pb_number_counter admin_label=&#8221;Contador de n\u00famero&#8221; title=&#8221;B\u00fasquedas realizadas&#8221; number=&#8221;805.956&#8243; percent_sign=&#8221;off&#8221; counter_color=&#8221;#084c82&#8243; background_layout=&#8221;light&#8221; number_font_size=&#8221;45&#8243; use_border_color=&#8221;off&#8221; border_color=&#8221;#ffffff&#8221; border_style=&#8221;solid&#8221;] [\/et_pb_number_counter][\/et_pb_column][\/et_pb_row][\/et_pb_section][et_pb_section admin_label=&#8221;section&#8221; fullwidth=&#8221;off&#8221; specialty=&#8221;off&#8221; background_image=&#8221;\/wp-content\/uploads\/2015\/04\/Fondo-conslutanos-precios_1.jpg&#8221; transparent_background=&#8221;off&#8221; background_color=&#8221;#5ec0eb&#8221; allow_player_pause=&#8221;off&#8221; inner_shadow=&#8221;off&#8221; parallax=&#8221;on&#8221; parallax_method=&#8221;off&#8221; padding_mobile=&#8221;off&#8221; make_fullwidth=&#8221;off&#8221; use_custom_width=&#8221;off&#8221; width_unit=&#8221;on&#8221; make_equal=&#8221;off&#8221; use_custom_gutter=&#8221;off&#8221;][et_pb_row admin_label=&#8221;row&#8221;][et_pb_column type=&#8221;4_4&#8243;][et_pb_cta admin_label=&#8221;Llamada a la acci\u00f3n&#8221; title=&#8221;Precios a medida para empresas. Inf\u00f3rmese.&#8221; button_url=&#8221;mailto:info@pyramidconsulting.es&#8221; button_text=&#8221;Env\u00edanos un email&#8221; use_background_color=&#8221;off&#8221; background_color=&#8221;#5ec0eb&#8221; background_layout=&#8221;dark&#8221; text_orientation=&#8221;center&#8221; url_new_window=&#8221;off&#8221; use_border_color=&#8221;off&#8221; border_color=&#8221;#ffffff&#8221; border_style=&#8221;solid&#8221; custom_button=&#8221;on&#8221; button_letter_spacing=&#8221;0&#8243; button_use_icon=&#8221;default&#8221; button_icon_placement=&#8221;right&#8221; button_on_hover=&#8221;on&#8221; button_letter_spacing_hover=&#8221;0&#8243; button_text_size=&#8221;20&#8243;] [\/et_pb_cta][\/et_pb_column][\/et_pb_row][\/et_pb_section][et_pb_section admin_label=&#8221;section&#8221; global_module=&#8221;1585&#8243; fullwidth=&#8221;off&#8221; specialty=&#8221;off&#8221; transparent_background=&#8221;on&#8221; background_color=&#8221;#216c9e&#8221; allow_player_pause=&#8221;off&#8221; inner_shadow=&#8221;off&#8221; parallax=&#8221;off&#8221; parallax_method=&#8221;off&#8221; background_image=&#8221;\/wp-content\/uploads\/2015\/04\/Fondo-azul.jpg&#8221; padding_mobile=&#8221;off&#8221; make_fullwidth=&#8221;off&#8221; use_custom_width=&#8221;off&#8221; width_unit=&#8221;on&#8221; make_equal=&#8221;off&#8221; use_custom_gutter=&#8221;off&#8221; custom_css_main_element=&#8221;padding: 10px;&#8221;][et_pb_row global_parent=&#8221;1585&#8243; admin_label=&#8221;row&#8221; make_fullwidth=&#8221;off&#8221; use_custom_width=&#8221;off&#8221; width_unit=&#8221;on&#8221; use_custom_gutter=&#8221;off&#8221; padding_mobile=&#8221;off&#8221; allow_player_pause=&#8221;off&#8221; parallax=&#8221;off&#8221; parallax_method=&#8221;off&#8221; make_equal=&#8221;off&#8221; custom_css_main_element=&#8221;margin-bottom: -10px;&#8221;][et_pb_column type=&#8221;4_4&#8243;][\/et_pb_column][\/et_pb_row][\/et_pb_section]<\/p>\n","protected":false},"excerpt":{"rendered":"<p>[masterslider id=&#8221;31&#8243;] NAO SE PREOCUPE COM AS SUAS COIMAS, N\u00d3S GERENCIAMOS Avisaremos at\u00e9 mesmo dessas que vo\u00e7e nao conhece para tramitar-las a tempo. DNI\/CIF: Placa do carro: &nbsp; \u00a0Consulta tus multas en el BOE y Testra oferecemos uma pesquisa r\u00e1pida. Mostramos todos los datos de la sanci\u00f3n. Informamos ainda qualquer outra publica\u00e7ao relativas ao seu [&hellip;]<\/p>\n","protected":false},"author":1,"featured_media":0,"parent":0,"menu_order":0,"comment_status":"open","ping_status":"open","template":"","meta":{"_acf_changed":false,"_et_pb_use_builder":"on","_et_pb_old_content":"","_et_gb_content_width":"","_joinchat":[],"footnotes":"","_links_to":"","_links_to_target":""},"class_list":["post-7446","page","type-page","status-publish","hentry"],"acf":[],"yoast_head":"<!-- This site is optimized with the Yoast SEO plugin v27.5 - https:\/\/yoast.com\/product\/yoast-seo-wordpress\/ -->\n<title>Tienesmultas.com (Empresa Pt) - Pyramid Consulting<\/title>\n<meta name=\"robots\" content=\"index, follow, max-snippet:-1, max-image-preview:large, max-video-preview:-1\" \/>\n<link rel=\"canonical\" href=\"https:\/\/www.pyramidconsulting.es\/pt-pt\/tienesmultas-com-empresa-port\/\" \/>\n<meta property=\"og:locale\" content=\"pt_PT\" \/>\n<meta property=\"og:type\" content=\"article\" \/>\n<meta property=\"og:title\" content=\"Tienesmultas.com (Empresa Pt) - Pyramid Consulting\" \/>\n<meta property=\"og:description\" content=\"[masterslider id=&quot;31&quot;] NAO SE PREOCUPE COM AS SUAS COIMAS, N\u00d3S GERENCIAMOS Avisaremos at\u00e9 mesmo dessas que vo\u00e7e nao conhece para tramitar-las a tempo. DNI\/CIF: Placa do carro: &nbsp; \u00a0Consulta tus multas en el BOE y Testra oferecemos uma pesquisa r\u00e1pida. Mostramos todos los datos de la sanci\u00f3n. Informamos ainda qualquer outra publica\u00e7ao relativas ao seu [&hellip;]\" \/>\n<meta property=\"og:url\" content=\"https:\/\/www.pyramidconsulting.es\/pt-pt\/tienesmultas-com-empresa-port\/\" \/>\n<meta property=\"og:site_name\" content=\"Pyramid Consulting\" \/>\n<meta property=\"article:publisher\" content=\"https:\/\/www.facebook.com\/multayuda?fref=ts\" \/>\n<meta property=\"article:modified_time\" content=\"2016-10-11T11:44:04+00:00\" \/>\n<meta name=\"twitter:card\" content=\"summary_large_image\" \/>\n<meta name=\"twitter:site\" content=\"@Multayuda\" \/>\n<meta name=\"twitter:label1\" content=\"Tempo estimado de leitura\" \/>\n\t<meta name=\"twitter:data1\" content=\"8 minutos\" \/>\n<script type=\"application\/ld+json\" class=\"yoast-schema-graph\">{\"@context\":\"https:\\\/\\\/schema.org\",\"@graph\":[{\"@type\":\"WebPage\",\"@id\":\"https:\\\/\\\/www.pyramidconsulting.es\\\/pt-pt\\\/tienesmultas-com-empresa-port\\\/\",\"url\":\"https:\\\/\\\/www.pyramidconsulting.es\\\/pt-pt\\\/tienesmultas-com-empresa-port\\\/\",\"name\":\"Tienesmultas.com (Empresa Pt) - Pyramid Consulting\",\"isPartOf\":{\"@id\":\"https:\\\/\\\/www.pyramidconsulting.es\\\/#website\"},\"datePublished\":\"2015-04-24T08:42:16+00:00\",\"dateModified\":\"2016-10-11T11:44:04+00:00\",\"breadcrumb\":{\"@id\":\"https:\\\/\\\/www.pyramidconsulting.es\\\/pt-pt\\\/tienesmultas-com-empresa-port\\\/#breadcrumb\"},\"inLanguage\":\"pt-PT\",\"potentialAction\":[{\"@type\":\"ReadAction\",\"target\":[\"https:\\\/\\\/www.pyramidconsulting.es\\\/pt-pt\\\/tienesmultas-com-empresa-port\\\/\"]}]},{\"@type\":\"BreadcrumbList\",\"@id\":\"https:\\\/\\\/www.pyramidconsulting.es\\\/pt-pt\\\/tienesmultas-com-empresa-port\\\/#breadcrumb\",\"itemListElement\":[{\"@type\":\"ListItem\",\"position\":1,\"name\":\"In\u00edcio\",\"item\":\"https:\\\/\\\/www.pyramidconsulting.es\\\/pt-pt\\\/\"},{\"@type\":\"ListItem\",\"position\":2,\"name\":\"Tienesmultas.com (Empresa Pt)\"}]},{\"@type\":\"WebSite\",\"@id\":\"https:\\\/\\\/www.pyramidconsulting.es\\\/#website\",\"url\":\"https:\\\/\\\/www.pyramidconsulting.es\\\/\",\"name\":\"Pyramid Consulting\",\"description\":\"Gestion de Multas. Ganamos 3 de cada 4 recursos.\",\"potentialAction\":[{\"@type\":\"SearchAction\",\"target\":{\"@type\":\"EntryPoint\",\"urlTemplate\":\"https:\\\/\\\/www.pyramidconsulting.es\\\/?s={search_term_string}\"},\"query-input\":{\"@type\":\"PropertyValueSpecification\",\"valueRequired\":true,\"valueName\":\"search_term_string\"}}],\"inLanguage\":\"pt-PT\"}]}<\/script>\n<!-- \/ Yoast SEO plugin. -->","yoast_head_json":{"title":"Tienesmultas.com (Empresa Pt) - Pyramid Consulting","robots":{"index":"index","follow":"follow","max-snippet":"max-snippet:-1","max-image-preview":"max-image-preview:large","max-video-preview":"max-video-preview:-1"},"canonical":"https:\/\/www.pyramidconsulting.es\/pt-pt\/tienesmultas-com-empresa-port\/","og_locale":"pt_PT","og_type":"article","og_title":"Tienesmultas.com (Empresa Pt) - Pyramid Consulting","og_description":"[masterslider id=\"31\"] NAO SE PREOCUPE COM AS SUAS COIMAS, N\u00d3S GERENCIAMOS Avisaremos at\u00e9 mesmo dessas que vo\u00e7e nao conhece para tramitar-las a tempo. DNI\/CIF: Placa do carro: &nbsp; \u00a0Consulta tus multas en el BOE y Testra oferecemos uma pesquisa r\u00e1pida. Mostramos todos los datos de la sanci\u00f3n. Informamos ainda qualquer outra publica\u00e7ao relativas ao seu [&hellip;]","og_url":"https:\/\/www.pyramidconsulting.es\/pt-pt\/tienesmultas-com-empresa-port\/","og_site_name":"Pyramid Consulting","article_publisher":"https:\/\/www.facebook.com\/multayuda?fref=ts","article_modified_time":"2016-10-11T11:44:04+00:00","twitter_card":"summary_large_image","twitter_site":"@Multayuda","twitter_misc":{"Tempo estimado de leitura":"8 minutos"},"schema":{"@context":"https:\/\/schema.org","@graph":[{"@type":"WebPage","@id":"https:\/\/www.pyramidconsulting.es\/pt-pt\/tienesmultas-com-empresa-port\/","url":"https:\/\/www.pyramidconsulting.es\/pt-pt\/tienesmultas-com-empresa-port\/","name":"Tienesmultas.com (Empresa Pt) - Pyramid Consulting","isPartOf":{"@id":"https:\/\/www.pyramidconsulting.es\/#website"},"datePublished":"2015-04-24T08:42:16+00:00","dateModified":"2016-10-11T11:44:04+00:00","breadcrumb":{"@id":"https:\/\/www.pyramidconsulting.es\/pt-pt\/tienesmultas-com-empresa-port\/#breadcrumb"},"inLanguage":"pt-PT","potentialAction":[{"@type":"ReadAction","target":["https:\/\/www.pyramidconsulting.es\/pt-pt\/tienesmultas-com-empresa-port\/"]}]},{"@type":"BreadcrumbList","@id":"https:\/\/www.pyramidconsulting.es\/pt-pt\/tienesmultas-com-empresa-port\/#breadcrumb","itemListElement":[{"@type":"ListItem","position":1,"name":"In\u00edcio","item":"https:\/\/www.pyramidconsulting.es\/pt-pt\/"},{"@type":"ListItem","position":2,"name":"Tienesmultas.com (Empresa Pt)"}]},{"@type":"WebSite","@id":"https:\/\/www.pyramidconsulting.es\/#website","url":"https:\/\/www.pyramidconsulting.es\/","name":"Pyramid Consulting","description":"Gestion de Multas. Ganamos 3 de cada 4 recursos.","potentialAction":[{"@type":"SearchAction","target":{"@type":"EntryPoint","urlTemplate":"https:\/\/www.pyramidconsulting.es\/?s={search_term_string}"},"query-input":{"@type":"PropertyValueSpecification","valueRequired":true,"valueName":"search_term_string"}}],"inLanguage":"pt-PT"}]}},"_links":{"self":[{"href":"https:\/\/www.pyramidconsulting.es\/pt-pt\/wp-json\/wp\/v2\/pages\/7446","targetHints":{"allow":["GET"]}}],"collection":[{"href":"https:\/\/www.pyramidconsulting.es\/pt-pt\/wp-json\/wp\/v2\/pages"}],"about":[{"href":"https:\/\/www.pyramidconsulting.es\/pt-pt\/wp-json\/wp\/v2\/types\/page"}],"author":[{"embeddable":true,"href":"https:\/\/www.pyramidconsulting.es\/pt-pt\/wp-json\/wp\/v2\/users\/1"}],"replies":[{"embeddable":true,"href":"https:\/\/www.pyramidconsulting.es\/pt-pt\/wp-json\/wp\/v2\/comments?post=7446"}],"version-history":[{"count":0,"href":"https:\/\/www.pyramidconsulting.es\/pt-pt\/wp-json\/wp\/v2\/pages\/7446\/revisions"}],"wp:attachment":[{"href":"https:\/\/www.pyramidconsulting.es\/pt-pt\/wp-json\/wp\/v2\/media?parent=7446"}],"curies":[{"name":"wp","href":"https:\/\/api.w.org\/{rel}","templated":true}]}}