{"id":7450,"date":"2015-04-24T10:06:49","date_gmt":"2015-04-24T08:06:49","guid":{"rendered":"http:\/\/www.pyramidconsulting.es\/gestiondev-com\/?lang=pt-pt"},"modified":"2022-07-21T10:39:45","modified_gmt":"2022-07-21T08:39:45","slug":"gestiondev","status":"publish","type":"page","link":"https:\/\/www.pyramidconsulting.es\/pt-pt\/gestiondev\/","title":{"rendered":"Gestiondev.com"},"content":{"rendered":"<p>[et_pb_section admin_label=&#8221;section&#8221; transparent_background=&#8221;off&#8221; background_color=&#8221;#ffffff&#8221; allow_player_pause=&#8221;off&#8221; inner_shadow=&#8221;off&#8221; parallax=&#8221;off&#8221; parallax_method=&#8221;off&#8221; module_id=&#8221;magin-top &#8221; module_class=&#8221;magin-top &#8221; padding_mobile=&#8221;off&#8221; make_fullwidth=&#8221;off&#8221; use_custom_width=&#8221;off&#8221; width_unit=&#8221;on&#8221; make_equal=&#8221;off&#8221; use_custom_gutter=&#8221;off&#8221; custom_css_main_element=&#8221;margin-top: -80px;||margin-bottom: -80px;&#8221;][et_pb_row admin_label=&#8221;row&#8221;][et_pb_column type=&#8221;4_4&#8243;][et_pb_text admin_label=&#8221;Texto&#8221; background_layout=&#8221;light&#8221; text_orientation=&#8221;left&#8221;]<\/p>\n<p>[masterslider id=&#8221;12&#8243;]<\/p>\n<p>[\/et_pb_text][\/et_pb_column][\/et_pb_row][\/et_pb_section][et_pb_section admin_label=&#8221;section&#8221; fullwidth=&#8221;off&#8221; specialty=&#8221;off&#8221; transparent_background=&#8221;off&#8221; background_color=&#8221;#1b6ba0&#8243; allow_player_pause=&#8221;off&#8221; inner_shadow=&#8221;off&#8221; parallax=&#8221;off&#8221; parallax_method=&#8221;off&#8221; module_id=&#8221;padding0&#8243; module_class=&#8221;padding0 margintop margintop2&#8243; padding_mobile=&#8221;off&#8221; make_fullwidth=&#8221;off&#8221; use_custom_width=&#8221;off&#8221; width_unit=&#8221;on&#8221; make_equal=&#8221;off&#8221; use_custom_gutter=&#8221;off&#8221; custom_css_main_element=&#8221;padding: 5px;&#8221;][et_pb_row admin_label=&#8221;row&#8221;][et_pb_column type=&#8221;4_4&#8243;][et_pb_text admin_label=&#8221;Texto&#8221; background_layout=&#8221;dark&#8221; text_orientation=&#8221;left&#8221; use_border_color=&#8221;off&#8221; border_color=&#8221;#ffffff&#8221; border_style=&#8221;solid&#8221;]<\/p>\n<p>&nbsp;<\/p>\n<h1 style=\"text-align: center;\"><strong><span style=\"color: #5ec0eb;\">TRAMIT\u00c1MOS POR VOC\u00ca<\/span><\/strong><\/h1>\n<h2 style=\"text-align: center;\">Gestionamos de manera eficaz e \u00e1gil as multas informadas a trav\u00e9s da DEV<\/h2>\n<p>[\/et_pb_text][\/et_pb_column][\/et_pb_row][\/et_pb_section][et_pb_section admin_label=&#8221;section&#8221; fullwidth=&#8221;off&#8221; specialty=&#8221;off&#8221; transparent_background=&#8221;off&#8221; background_color=&#8221;#1b6ba0&#8243; allow_player_pause=&#8221;off&#8221; inner_shadow=&#8221;off&#8221; parallax=&#8221;off&#8221; parallax_method=&#8221;off&#8221; background_image=&#8221;\/wp-content\/uploads\/2015\/04\/Fondo-despreocupese.jpg&#8221; padding_mobile=&#8221;off&#8221; make_fullwidth=&#8221;off&#8221; use_custom_width=&#8221;off&#8221; width_unit=&#8221;on&#8221; make_equal=&#8221;off&#8221; use_custom_gutter=&#8221;off&#8221;][et_pb_row admin_label=&#8221;row&#8221;][et_pb_column type=&#8221;1_2&#8243;][et_pb_text admin_label=&#8221;Texto&#8221; background_layout=&#8221;light&#8221; text_orientation=&#8221;left&#8221; use_border_color=&#8221;off&#8221; border_color=&#8221;#ffffff&#8221; border_style=&#8221;solid&#8221;]<\/p>\n<p><img loading=\"lazy\" decoding=\"async\" class=\"alignnone wp-image-860 size-full\" src=\"\/wp-content\/uploads\/2015\/04\/Despreocupese.png\" alt=\"\" width=\"1451\" height=\"1289\" srcset=\"https:\/\/cdn.pyramidconsulting.es\/imageswp\/Despreocupese.png 1451w, https:\/\/cdn.pyramidconsulting.es\/imageswp\/Despreocupese-300x267.png 300w, https:\/\/cdn.pyramidconsulting.es\/imageswp\/Despreocupese-1024x910.png 1024w, https:\/\/cdn.pyramidconsulting.es\/imageswp\/Despreocupese-1080x959.png 1080w\" sizes=\"(max-width: 1451px) 100vw, 1451px\" \/><\/p>\n<p>[\/et_pb_text][\/et_pb_column][et_pb_column type=&#8221;1_2&#8243;][et_pb_text admin_label=&#8221;Texto&#8221; background_layout=&#8221;light&#8221; text_orientation=&#8221;left&#8221; use_border_color=&#8221;off&#8221; border_color=&#8221;#ffffff&#8221; border_style=&#8221;solid&#8221;]<\/p>\n<h1><span style=\"color: #256d9d;\"><strong>NON SE PREOCUPE<\/strong><\/span><\/h1>\n<h1><span style=\"color: #5ec0eb;\">Economize tempo e dinheiro<\/span><\/h1>\n<p>[\/et_pb_text][et_pb_blurb admin_label=&#8221;Sin preocupaciones&#8221; title=&#8221;Sem preocupa\u00e7oes &#8221; url_new_window=&#8221;off&#8221; use_icon=&#8221;on&#8221; font_icon=&#8221;A&#8221; icon_color=&#8221;#256d9d&#8221; use_circle=&#8221;off&#8221; circle_color=&#8221;#7EBEC5&#8243; use_circle_border=&#8221;off&#8221; circle_border_color=&#8221;#7EBEC5&#8243; icon_placement=&#8221;left&#8221; animation=&#8221;top&#8221; background_layout=&#8221;light&#8221; text_orientation=&#8221;left&#8221; use_icon_font_size=&#8221;off&#8221; use_border_color=&#8221;off&#8221; border_color=&#8221;#ffffff&#8221; border_style=&#8221;solid&#8221;]<\/p>\n<p>N\u00f3s encarregamos de descarregar as multas notificadas pela DEV, evitando qualquer problema.<\/p>\n<p>[\/et_pb_blurb][et_pb_blurb admin_label=&#8221;Sencillez&#8221; title=&#8221;Facilidade &#8221; url_new_window=&#8221;off&#8221; use_icon=&#8221;on&#8221; font_icon=&#8221;A&#8221; icon_color=&#8221;#256d9d&#8221; use_circle=&#8221;off&#8221; circle_color=&#8221;#7EBEC5&#8243; use_circle_border=&#8221;off&#8221; circle_border_color=&#8221;#7EBEC5&#8243; icon_placement=&#8221;left&#8221; animation=&#8221;top&#8221; background_layout=&#8221;light&#8221; text_orientation=&#8221;left&#8221; use_icon_font_size=&#8221;off&#8221; use_border_color=&#8221;off&#8221; border_color=&#8221;#ffffff&#8221; border_style=&#8221;solid&#8221;]<\/p>\n<p>Coas diferentes f\u00f3rmulas de conexao nos adaptamos as suas necesidades<\/p>\n<p>[\/et_pb_blurb][et_pb_blurb admin_label=&#8221;Rentabilice su tiempo&#8221; title=&#8221;Economize o seu tempo &#8221; url_new_window=&#8221;off&#8221; use_icon=&#8221;on&#8221; font_icon=&#8221;A&#8221; icon_color=&#8221;#256d9d&#8221; use_circle=&#8221;off&#8221; circle_color=&#8221;#7EBEC5&#8243; use_circle_border=&#8221;off&#8221; circle_border_color=&#8221;#7EBEC5&#8243; icon_placement=&#8221;left&#8221; animation=&#8221;top&#8221; background_layout=&#8221;light&#8221; text_orientation=&#8221;left&#8221; use_icon_font_size=&#8221;off&#8221; use_border_color=&#8221;off&#8221; border_color=&#8221;#ffffff&#8221; border_style=&#8221;solid&#8221;]<\/p>\n<p>Economize tempo e o dinheiro da sua empresa<\/p>\n<p>[\/et_pb_blurb][et_pb_blurb admin_label=&#8221;Seguridad&#8221; title=&#8221;Seguran\u00e7a &#8221; url_new_window=&#8221;off&#8221; use_icon=&#8221;on&#8221; font_icon=&#8221;A&#8221; icon_color=&#8221;#256d9d&#8221; use_circle=&#8221;off&#8221; circle_color=&#8221;#7EBEC5&#8243; use_circle_border=&#8221;off&#8221; circle_border_color=&#8221;#7EBEC5&#8243; icon_placement=&#8221;left&#8221; animation=&#8221;top&#8221; background_layout=&#8221;light&#8221; text_orientation=&#8221;left&#8221; use_icon_font_size=&#8221;off&#8221; use_border_color=&#8221;off&#8221; border_color=&#8221;#ffffff&#8221; border_style=&#8221;solid&#8221;]<\/p>\n<p>Garantimos total seguran\u00e7a e discri\u00e7ao<\/p>\n<p>[\/et_pb_blurb][\/et_pb_column][\/et_pb_row][\/et_pb_section][et_pb_section admin_label=&#8221;section&#8221; fullwidth=&#8221;off&#8221; specialty=&#8221;off&#8221; background_image=&#8221;\/wp-content\/uploads\/2015\/04\/Fondo-conslutanos-precios_1.jpg&#8221; transparent_background=&#8221;off&#8221; background_color=&#8221;#5ec0eb&#8221; allow_player_pause=&#8221;off&#8221; inner_shadow=&#8221;off&#8221; parallax=&#8221;on&#8221; parallax_method=&#8221;off&#8221; padding_mobile=&#8221;off&#8221; make_fullwidth=&#8221;off&#8221; use_custom_width=&#8221;off&#8221; width_unit=&#8221;on&#8221; make_equal=&#8221;off&#8221; use_custom_gutter=&#8221;off&#8221;][et_pb_row admin_label=&#8221;row&#8221;][et_pb_column type=&#8221;4_4&#8243;][et_pb_cta admin_label=&#8221;Llamada a la acci\u00f3n&#8221; title=&#8221;Temos um pre\u00e7o especial \u00e0ra sua empresa. Informe-se&#8221; button_url=&#8221;mailto:info@pyramidconsulting.es&#8221; button_text=&#8221;Envir un e-mail&#8221; use_background_color=&#8221;off&#8221; background_color=&#8221;#5ec0eb&#8221; background_layout=&#8221;dark&#8221; text_orientation=&#8221;center&#8221; url_new_window=&#8221;off&#8221; use_border_color=&#8221;off&#8221; border_color=&#8221;#ffffff&#8221; border_style=&#8221;solid&#8221; custom_button=&#8221;on&#8221; button_letter_spacing=&#8221;0&#8243; button_use_icon=&#8221;default&#8221; button_icon_placement=&#8221;right&#8221; button_on_hover=&#8221;on&#8221; button_letter_spacing_hover=&#8221;0&#8243; button_text_size=&#8221;20&#8243;]<\/p>\n<p>[\/et_pb_cta][\/et_pb_column][\/et_pb_row][\/et_pb_section][et_pb_section admin_label=&#8221;section&#8221; global_module=&#8221;1585&#8243; fullwidth=&#8221;off&#8221; specialty=&#8221;off&#8221; transparent_background=&#8221;on&#8221; background_color=&#8221;#216c9e&#8221; allow_player_pause=&#8221;off&#8221; inner_shadow=&#8221;off&#8221; parallax=&#8221;off&#8221; parallax_method=&#8221;off&#8221; background_image=&#8221;\/wp-content\/uploads\/2015\/04\/Fondo-azul.jpg&#8221; padding_mobile=&#8221;off&#8221; make_fullwidth=&#8221;off&#8221; use_custom_width=&#8221;off&#8221; width_unit=&#8221;on&#8221; make_equal=&#8221;off&#8221; use_custom_gutter=&#8221;off&#8221; custom_css_main_element=&#8221;padding: 10px;&#8221;][et_pb_row global_parent=&#8221;1585&#8243; admin_label=&#8221;row&#8221; make_fullwidth=&#8221;off&#8221; use_custom_width=&#8221;off&#8221; width_unit=&#8221;on&#8221; use_custom_gutter=&#8221;off&#8221; padding_mobile=&#8221;off&#8221; allow_player_pause=&#8221;off&#8221; parallax=&#8221;off&#8221; parallax_method=&#8221;off&#8221; make_equal=&#8221;off&#8221; custom_css_main_element=&#8221;margin-bottom: -10px;&#8221;][et_pb_column type=&#8221;4_4&#8243;][\/et_pb_column][\/et_pb_row][\/et_pb_section]<\/p>\n","protected":false},"excerpt":{"rendered":"<p>[masterslider id=&#8221;12&#8243;] &nbsp; TRAMIT\u00c1MOS POR VOC\u00ca Gestionamos de manera eficaz e \u00e1gil as multas informadas a trav\u00e9s da DEV NON SE PREOCUPE Economize tempo e dinheiro N\u00f3s encarregamos de descarregar as multas notificadas pela DEV, evitando qualquer problema. Coas diferentes f\u00f3rmulas de conexao nos adaptamos as suas necesidades Economize tempo e o dinheiro da sua [&hellip;]<\/p>\n","protected":false},"author":1,"featured_media":0,"parent":0,"menu_order":0,"comment_status":"open","ping_status":"open","template":"","meta":{"_acf_changed":false,"_et_pb_use_builder":"on","_et_pb_old_content":"","_et_gb_content_width":"","_joinchat":[],"footnotes":"","_links_to":"","_links_to_target":""},"class_list":["post-7450","page","type-page","status-publish","hentry"],"acf":[],"yoast_head":"<!-- This site is optimized with the Yoast SEO plugin v27.5 - https:\/\/yoast.com\/product\/yoast-seo-wordpress\/ -->\n<title>Gestiondev.com - Pyramid Consulting<\/title>\n<meta name=\"robots\" content=\"index, follow, max-snippet:-1, max-image-preview:large, max-video-preview:-1\" \/>\n<link rel=\"canonical\" href=\"https:\/\/www.pyramidconsulting.es\/pt-pt\/gestiondev\/\" \/>\n<meta property=\"og:locale\" content=\"pt_PT\" \/>\n<meta property=\"og:type\" content=\"article\" \/>\n<meta property=\"og:title\" content=\"Gestiondev.com - Pyramid Consulting\" \/>\n<meta property=\"og:description\" content=\"[masterslider id=&quot;12&quot;] &nbsp; TRAMIT\u00c1MOS POR VOC\u00ca Gestionamos de manera eficaz e \u00e1gil as multas informadas a trav\u00e9s da DEV NON SE PREOCUPE Economize tempo e dinheiro N\u00f3s encarregamos de descarregar as multas notificadas pela DEV, evitando qualquer problema. Coas diferentes f\u00f3rmulas de conexao nos adaptamos as suas necesidades Economize tempo e o dinheiro da sua [&hellip;]\" \/>\n<meta property=\"og:url\" content=\"https:\/\/www.pyramidconsulting.es\/pt-pt\/gestiondev\/\" \/>\n<meta property=\"og:site_name\" content=\"Pyramid Consulting\" \/>\n<meta property=\"article:publisher\" content=\"https:\/\/www.facebook.com\/multayuda?fref=ts\" \/>\n<meta property=\"article:modified_time\" content=\"2022-07-21T08:39:45+00:00\" \/>\n<meta name=\"twitter:card\" content=\"summary_large_image\" \/>\n<meta name=\"twitter:site\" content=\"@Multayuda\" \/>\n<meta name=\"twitter:label1\" content=\"Tempo estimado de leitura\" \/>\n\t<meta name=\"twitter:data1\" content=\"5 minutos\" \/>\n<script type=\"application\/ld+json\" class=\"yoast-schema-graph\">{\"@context\":\"https:\\\/\\\/schema.org\",\"@graph\":[{\"@type\":\"WebPage\",\"@id\":\"https:\\\/\\\/www.pyramidconsulting.es\\\/pt-pt\\\/gestiondev\\\/\",\"url\":\"https:\\\/\\\/www.pyramidconsulting.es\\\/pt-pt\\\/gestiondev\\\/\",\"name\":\"Gestiondev.com - Pyramid Consulting\",\"isPartOf\":{\"@id\":\"https:\\\/\\\/www.pyramidconsulting.es\\\/#website\"},\"datePublished\":\"2015-04-24T08:06:49+00:00\",\"dateModified\":\"2022-07-21T08:39:45+00:00\",\"breadcrumb\":{\"@id\":\"https:\\\/\\\/www.pyramidconsulting.es\\\/pt-pt\\\/gestiondev\\\/#breadcrumb\"},\"inLanguage\":\"pt-PT\",\"potentialAction\":[{\"@type\":\"ReadAction\",\"target\":[\"https:\\\/\\\/www.pyramidconsulting.es\\\/pt-pt\\\/gestiondev\\\/\"]}]},{\"@type\":\"BreadcrumbList\",\"@id\":\"https:\\\/\\\/www.pyramidconsulting.es\\\/pt-pt\\\/gestiondev\\\/#breadcrumb\",\"itemListElement\":[{\"@type\":\"ListItem\",\"position\":1,\"name\":\"In\u00edcio\",\"item\":\"https:\\\/\\\/www.pyramidconsulting.es\\\/pt-pt\\\/\"},{\"@type\":\"ListItem\",\"position\":2,\"name\":\"Gestiondev.com\"}]},{\"@type\":\"WebSite\",\"@id\":\"https:\\\/\\\/www.pyramidconsulting.es\\\/#website\",\"url\":\"https:\\\/\\\/www.pyramidconsulting.es\\\/\",\"name\":\"Pyramid Consulting\",\"description\":\"Gestion de Multas. Ganamos 3 de cada 4 recursos.\",\"potentialAction\":[{\"@type\":\"SearchAction\",\"target\":{\"@type\":\"EntryPoint\",\"urlTemplate\":\"https:\\\/\\\/www.pyramidconsulting.es\\\/?s={search_term_string}\"},\"query-input\":{\"@type\":\"PropertyValueSpecification\",\"valueRequired\":true,\"valueName\":\"search_term_string\"}}],\"inLanguage\":\"pt-PT\"}]}<\/script>\n<!-- \/ Yoast SEO plugin. -->","yoast_head_json":{"title":"Gestiondev.com - Pyramid Consulting","robots":{"index":"index","follow":"follow","max-snippet":"max-snippet:-1","max-image-preview":"max-image-preview:large","max-video-preview":"max-video-preview:-1"},"canonical":"https:\/\/www.pyramidconsulting.es\/pt-pt\/gestiondev\/","og_locale":"pt_PT","og_type":"article","og_title":"Gestiondev.com - Pyramid Consulting","og_description":"[masterslider id=\"12\"] &nbsp; TRAMIT\u00c1MOS POR VOC\u00ca Gestionamos de manera eficaz e \u00e1gil as multas informadas a trav\u00e9s da DEV NON SE PREOCUPE Economize tempo e dinheiro N\u00f3s encarregamos de descarregar as multas notificadas pela DEV, evitando qualquer problema. Coas diferentes f\u00f3rmulas de conexao nos adaptamos as suas necesidades Economize tempo e o dinheiro da sua [&hellip;]","og_url":"https:\/\/www.pyramidconsulting.es\/pt-pt\/gestiondev\/","og_site_name":"Pyramid Consulting","article_publisher":"https:\/\/www.facebook.com\/multayuda?fref=ts","article_modified_time":"2022-07-21T08:39:45+00:00","twitter_card":"summary_large_image","twitter_site":"@Multayuda","twitter_misc":{"Tempo estimado de leitura":"5 minutos"},"schema":{"@context":"https:\/\/schema.org","@graph":[{"@type":"WebPage","@id":"https:\/\/www.pyramidconsulting.es\/pt-pt\/gestiondev\/","url":"https:\/\/www.pyramidconsulting.es\/pt-pt\/gestiondev\/","name":"Gestiondev.com - Pyramid Consulting","isPartOf":{"@id":"https:\/\/www.pyramidconsulting.es\/#website"},"datePublished":"2015-04-24T08:06:49+00:00","dateModified":"2022-07-21T08:39:45+00:00","breadcrumb":{"@id":"https:\/\/www.pyramidconsulting.es\/pt-pt\/gestiondev\/#breadcrumb"},"inLanguage":"pt-PT","potentialAction":[{"@type":"ReadAction","target":["https:\/\/www.pyramidconsulting.es\/pt-pt\/gestiondev\/"]}]},{"@type":"BreadcrumbList","@id":"https:\/\/www.pyramidconsulting.es\/pt-pt\/gestiondev\/#breadcrumb","itemListElement":[{"@type":"ListItem","position":1,"name":"In\u00edcio","item":"https:\/\/www.pyramidconsulting.es\/pt-pt\/"},{"@type":"ListItem","position":2,"name":"Gestiondev.com"}]},{"@type":"WebSite","@id":"https:\/\/www.pyramidconsulting.es\/#website","url":"https:\/\/www.pyramidconsulting.es\/","name":"Pyramid Consulting","description":"Gestion de Multas. Ganamos 3 de cada 4 recursos.","potentialAction":[{"@type":"SearchAction","target":{"@type":"EntryPoint","urlTemplate":"https:\/\/www.pyramidconsulting.es\/?s={search_term_string}"},"query-input":{"@type":"PropertyValueSpecification","valueRequired":true,"valueName":"search_term_string"}}],"inLanguage":"pt-PT"}]}},"_links":{"self":[{"href":"https:\/\/www.pyramidconsulting.es\/pt-pt\/wp-json\/wp\/v2\/pages\/7450","targetHints":{"allow":["GET"]}}],"collection":[{"href":"https:\/\/www.pyramidconsulting.es\/pt-pt\/wp-json\/wp\/v2\/pages"}],"about":[{"href":"https:\/\/www.pyramidconsulting.es\/pt-pt\/wp-json\/wp\/v2\/types\/page"}],"author":[{"embeddable":true,"href":"https:\/\/www.pyramidconsulting.es\/pt-pt\/wp-json\/wp\/v2\/users\/1"}],"replies":[{"embeddable":true,"href":"https:\/\/www.pyramidconsulting.es\/pt-pt\/wp-json\/wp\/v2\/comments?post=7450"}],"version-history":[{"count":1,"href":"https:\/\/www.pyramidconsulting.es\/pt-pt\/wp-json\/wp\/v2\/pages\/7450\/revisions"}],"predecessor-version":[{"id":61409,"href":"https:\/\/www.pyramidconsulting.es\/pt-pt\/wp-json\/wp\/v2\/pages\/7450\/revisions\/61409"}],"wp:attachment":[{"href":"https:\/\/www.pyramidconsulting.es\/pt-pt\/wp-json\/wp\/v2\/media?parent=7450"}],"curies":[{"name":"wp","href":"https:\/\/api.w.org\/{rel}","templated":true}]}}