{"id":7453,"date":"2015-04-21T09:51:38","date_gmt":"2015-04-21T09:51:38","guid":{"rendered":"http:\/\/www.pyramidconsulting.es\/tienespuntos-com-empresas\/?lang=pt-pt"},"modified":"2016-07-11T10:22:08","modified_gmt":"2016-07-11T10:22:08","slug":"tienespuntos-com-empresas-port","status":"publish","type":"page","link":"https:\/\/www.pyramidconsulting.es\/pt-pt\/tienespuntos-com-empresas-port\/","title":{"rendered":"Tienespuntos.com Empresas (Pt)"},"content":{"rendered":"<p>[et_pb_section admin_label=&#8221;section&#8221; transparent_background=&#8221;off&#8221; background_color=&#8221;#ffffff&#8221; allow_player_pause=&#8221;off&#8221; inner_shadow=&#8221;off&#8221; parallax=&#8221;off&#8221; parallax_method=&#8221;off&#8221; module_id=&#8221;magin-top &#8221; module_class=&#8221;magin-top &#8221; padding_mobile=&#8221;off&#8221; make_fullwidth=&#8221;off&#8221; use_custom_width=&#8221;off&#8221; width_unit=&#8221;on&#8221; make_equal=&#8221;off&#8221; use_custom_gutter=&#8221;off&#8221; custom_css_main_element=&#8221;margin-top: -80px;||margin-bottom: -80px;&#8221;][et_pb_row admin_label=&#8221;row&#8221;][et_pb_column type=&#8221;4_4&#8243;][et_pb_text admin_label=&#8221;Texto&#8221; background_layout=&#8221;light&#8221; text_orientation=&#8221;left&#8221; use_border_color=&#8221;off&#8221; border_color=&#8221;#ffffff&#8221; border_style=&#8221;solid&#8221;]<\/p>\n<p>[masterslider id=&#8221;32&#8243;]<\/p>\n<p>[\/et_pb_text][\/et_pb_column][\/et_pb_row][\/et_pb_section][et_pb_section admin_label=&#8221;section&#8221; fullwidth=&#8221;off&#8221; specialty=&#8221;off&#8221; transparent_background=&#8221;off&#8221; background_color=&#8221;#1b6ba0&#8243; allow_player_pause=&#8221;off&#8221; inner_shadow=&#8221;off&#8221; parallax=&#8221;off&#8221; parallax_method=&#8221;off&#8221; module_id=&#8221;padding0&#8243; module_class=&#8221;padding0 margintop margintop1&#8243; padding_mobile=&#8221;off&#8221; make_fullwidth=&#8221;off&#8221; use_custom_width=&#8221;off&#8221; width_unit=&#8221;on&#8221; make_equal=&#8221;off&#8221; use_custom_gutter=&#8221;off&#8221; custom_css_main_element=&#8221;padding: 10px;&#8221;][et_pb_row admin_label=&#8221;row&#8221;][et_pb_column type=&#8221;4_4&#8243;][et_pb_text admin_label=&#8221;Texto&#8221; background_layout=&#8221;dark&#8221; text_orientation=&#8221;left&#8221; use_border_color=&#8221;off&#8221; border_color=&#8221;#ffffff&#8221; border_style=&#8221;solid&#8221;]<\/p>\n<h1 style=\"text-align: center; line-height: 40px;\"><span style=\"color: #ffffff;\">VO\u00c7E CONHECE O SALDO DE PONTOS DOS SEUS CONDUTORES?<\/span><\/h1>\n<h2 style=\"text-align: center;\"><span style=\"color: #ffffff;\">Com este servi\u00e7o manteremos voc\u00ea sempre informado de qualquer mudan\u00e7a em seu saldo de pontos. <\/span><\/h2>\n<p>[\/et_pb_text][\/et_pb_column][\/et_pb_row][\/et_pb_section][et_pb_section admin_label=&#8221;section&#8221; fullwidth=&#8221;off&#8221; specialty=&#8221;off&#8221;][et_pb_row admin_label=&#8221;row&#8221; make_fullwidth=&#8221;off&#8221; use_custom_width=&#8221;off&#8221; width_unit=&#8221;on&#8221; use_custom_gutter=&#8221;off&#8221; padding_mobile=&#8221;off&#8221; allow_player_pause=&#8221;off&#8221; parallax=&#8221;off&#8221; parallax_method=&#8221;off&#8221; make_equal=&#8221;on&#8221;][et_pb_column type=&#8221;1_2&#8243;][et_pb_text admin_label=&#8221;Texto&#8221; background_layout=&#8221;light&#8221; text_orientation=&#8221;left&#8221; text_line_height=&#8221;2em&#8221; use_border_color=&#8221;off&#8221; border_color=&#8221;#ffffff&#8221; border_style=&#8221;solid&#8221;]<\/p>\n<h2 style=\"line-height: 30px; text-align: left;\"><img loading=\"lazy\" decoding=\"async\" class=\"wp-image-983 size-full aligncenter\" src=\"\/wp-content\/uploads\/2015\/04\/Negativo.jpg\" alt=\"\" height=\"150\" width=\"150\"><\/h2>\n<h2 style=\"line-height: 30px; text-align: left;\">&nbsp;<span style=\"color: #256d9d;\">Conhe\u00e7e as consequ\u00eancias dos seus condutores conduzirem sem pontos?<\/span><\/h2>\n<p>[\/et_pb_text][et_pb_divider admin_label=&#8221;Separador&#8221; color=&#8221;#173a6c&#8221; show_divider=&#8221;on&#8221; height=&#8221;10&#8243; divider_style=&#8221;solid&#8221; divider_position=&#8221;top&#8221; hide_on_mobile=&#8221;on&#8221;]<\/p>\n<p>[\/et_pb_divider][et_pb_blurb admin_label=&#8221;Anuncio&#8221; url_new_window=&#8221;off&#8221; use_icon=&#8221;on&#8221; font_icon=&#8221;A&#8221; icon_color=&#8221;#256d9d&#8221; use_circle=&#8221;off&#8221; circle_color=&#8221;#7EBEC5&#8243; use_circle_border=&#8221;off&#8221; circle_border_color=&#8221;#7EBEC5&#8243; icon_placement=&#8221;left&#8221; animation=&#8221;top&#8221; background_layout=&#8221;light&#8221; text_orientation=&#8221;left&#8221; use_icon_font_size=&#8221;off&#8221; use_border_color=&#8221;off&#8221; border_color=&#8221;#ffffff&#8221; border_style=&#8221;solid&#8221;]<\/p>\n<p>Falta de pontos na carta de conducir dos empregados torn a empresa respons\u00e1vel subsidi\u00e1ria em caso de acidentes.<\/p>\n<p>[\/et_pb_blurb][et_pb_blurb admin_label=&#8221;Anuncio&#8221; url_new_window=&#8221;off&#8221; use_icon=&#8221;on&#8221; font_icon=&#8221;A&#8221; icon_color=&#8221;#256d9d&#8221; use_circle=&#8221;off&#8221; circle_color=&#8221;#7EBEC5&#8243; use_circle_border=&#8221;off&#8221; circle_border_color=&#8221;#7EBEC5&#8243; icon_placement=&#8221;left&#8221; animation=&#8221;top&#8221; background_layout=&#8221;light&#8221; text_orientation=&#8221;left&#8221; use_icon_font_size=&#8221;off&#8221; use_border_color=&#8221;off&#8221; border_color=&#8221;#ffffff&#8221; border_style=&#8221;solid&#8221;]<\/p>\n<p>A condu\u00e7ao de um ve\u00edculo com os pontos esgotados \u00e9 um crime no c\u00f3digo penal com pena de trabalho em beneficio da comunidades ou uma multa d doze a vinte e quatro meses ou prisao de tr\u00eas a seis meses.<\/p>\n<p>[\/et_pb_blurb][\/et_pb_column][et_pb_column type=&#8221;1_2&#8243;][et_pb_text admin_label=&#8221;Texto&#8221; background_layout=&#8221;light&#8221; text_orientation=&#8221;left&#8221; text_line_height=&#8221;2em&#8221; use_border_color=&#8221;off&#8221; border_color=&#8221;#ffffff&#8221; border_style=&#8221;solid&#8221;]<\/p>\n<h2 style=\"line-height: 30px; text-align: center;\"><img loading=\"lazy\" decoding=\"async\" class=\"alignnone wp-image-984 size-full\" src=\"\/wp-content\/uploads\/2015\/04\/Positivo.jpg\" alt=\"\" height=\"150\" width=\"180\"><\/h2>\n<h2><span style=\"color: #256d9d;\">Vantagens que empresas e condutores obt\u00eam controlando a infroma\u00e7ao de pontos e permissap.<\/span><\/h2>\n<p>[\/et_pb_text][et_pb_divider admin_label=&#8221;Separador&#8221; color=&#8221;#173a6c&#8221; show_divider=&#8221;on&#8221; height=&#8221;10&#8243; divider_style=&#8221;solid&#8221; divider_position=&#8221;top&#8221; hide_on_mobile=&#8221;on&#8221; custom_css_main_element=&#8221;margin-top: -25px;&#8221;]<\/p>\n<p>[\/et_pb_divider][et_pb_blurb admin_label=&#8221;Conocer con exactitud el saldo de puntos y en los casos que requieran de recuperaci\u00f3n de puntos y del permiso, resulta el mejor aval de la preocupaci\u00f3n de la empresa por los trabajadores y del sentido del deber y profesionalidad de la entidad. Cumpliendo su obligaci\u00f3n de \u201cin vigilando\u201d&#8221; url_new_window=&#8221;off&#8221; use_icon=&#8221;on&#8221; font_icon=&#8221;A&#8221; icon_color=&#8221;#256d9d&#8221; use_circle=&#8221;off&#8221; circle_color=&#8221;#7EBEC5&#8243; use_circle_border=&#8221;off&#8221; circle_border_color=&#8221;#7EBEC5&#8243; icon_placement=&#8221;left&#8221; animation=&#8221;top&#8221; background_layout=&#8221;light&#8221; text_orientation=&#8221;left&#8221; use_icon_font_size=&#8221;off&#8221; use_border_color=&#8221;off&#8221; border_color=&#8221;#ffffff&#8221; border_style=&#8221;solid&#8221;]<\/p>\n<p>Saber exatamente o saldo de pontos e os casos que requeiram a recupera\u00e7ao de pontos e permissao. A melhor garant\u00eda de preocupa\u00e7ao da empresa para os trabalhadores e o senso de deber e profissionalismo da entidade. Cumprir a sua obriga\u00e7ao \u2018em monitoramento\u2019.<\/p>\n<p>[\/et_pb_blurb][et_pb_blurb admin_label=&#8221;Se puede evitar llegar al extremo de la p\u00e9rdida de la totalidad de puntos por parte de un conductor que no podr\u00e1 hacer su trabajo de manera independiente hasta que pasen al menos seis meses para solicitar recuperaci\u00f3n de puntos.&#8221; url_new_window=&#8221;off&#8221; use_icon=&#8221;on&#8221; font_icon=&#8221;A&#8221; icon_color=&#8221;#256d9d&#8221; use_circle=&#8221;off&#8221; circle_color=&#8221;#7EBEC5&#8243; use_circle_border=&#8221;off&#8221; circle_border_color=&#8221;#7EBEC5&#8243; icon_placement=&#8221;left&#8221; animation=&#8221;top&#8221; background_layout=&#8221;light&#8221; text_orientation=&#8221;left&#8221; use_icon_font_size=&#8221;off&#8221; use_border_color=&#8221;off&#8221; border_color=&#8221;#ffffff&#8221; border_style=&#8221;solid&#8221;]<\/p>\n<p>Vo\u00e7e pode evitar chegar ao fim da perda da totalidade dos pontos de um condutor que nao poder\u00e1 fazer o seu trabalho de forma independente at\u00e9 que passem pelo menos seis meses para pedir a recupera\u00e7ao.<\/p>\n<p>[\/et_pb_blurb][et_pb_blurb admin_label=&#8221;Permite a los conductores una acci\u00f3n inmediata para el acceso a consulta de cursos y centros de ayuda, sin que el tiempo sea un factor que juegue en contra.&#8221; url_new_window=&#8221;off&#8221; use_icon=&#8221;on&#8221; font_icon=&#8221;A&#8221; icon_color=&#8221;#256d9d&#8221; use_circle=&#8221;off&#8221; circle_color=&#8221;#7EBEC5&#8243; use_circle_border=&#8221;off&#8221; circle_border_color=&#8221;#7EBEC5&#8243; icon_placement=&#8221;left&#8221; animation=&#8221;top&#8221; background_layout=&#8221;light&#8221; text_orientation=&#8221;left&#8221; use_icon_font_size=&#8221;off&#8221; use_border_color=&#8221;off&#8221; border_color=&#8221;#ffffff&#8221; border_style=&#8221;solid&#8221;]<\/p>\n<p>Permite os motoristas uma a\u00e7ao imediata para o acesso para consulta de cursos e centros de ajuda, sem que o tempo seja um fator contra.<\/p>\n<p>[\/et_pb_blurb][\/et_pb_column][\/et_pb_row][\/et_pb_section][et_pb_section admin_label=&#8221;section&#8221; global_module=&#8221;1585&#8243; fullwidth=&#8221;off&#8221; specialty=&#8221;off&#8221; transparent_background=&#8221;on&#8221; background_color=&#8221;#216c9e&#8221; allow_player_pause=&#8221;off&#8221; inner_shadow=&#8221;off&#8221; parallax=&#8221;off&#8221; parallax_method=&#8221;off&#8221; background_image=&#8221;\/wp-content\/uploads\/2015\/04\/Fondo-azul.jpg&#8221; padding_mobile=&#8221;off&#8221; make_fullwidth=&#8221;off&#8221; use_custom_width=&#8221;off&#8221; width_unit=&#8221;on&#8221; make_equal=&#8221;off&#8221; use_custom_gutter=&#8221;off&#8221; custom_css_main_element=&#8221;padding: 10px;&#8221;][et_pb_row global_parent=&#8221;1585&#8243; admin_label=&#8221;row&#8221; make_fullwidth=&#8221;off&#8221; use_custom_width=&#8221;off&#8221; width_unit=&#8221;on&#8221; use_custom_gutter=&#8221;off&#8221; padding_mobile=&#8221;off&#8221; allow_player_pause=&#8221;off&#8221; parallax=&#8221;off&#8221; parallax_method=&#8221;off&#8221; make_equal=&#8221;off&#8221; custom_css_main_element=&#8221;margin-bottom: -10px;&#8221;][et_pb_column type=&#8221;4_4&#8243;][\/et_pb_column][\/et_pb_row][\/et_pb_section]<\/p>\n","protected":false},"excerpt":{"rendered":"<p>[masterslider id=&#8221;32&#8243;] VO\u00c7E CONHECE O SALDO DE PONTOS DOS SEUS CONDUTORES? Com este servi\u00e7o manteremos voc\u00ea sempre informado de qualquer mudan\u00e7a em seu saldo de pontos. &nbsp;Conhe\u00e7e as consequ\u00eancias dos seus condutores conduzirem sem pontos? Falta de pontos na carta de conducir dos empregados torn a empresa respons\u00e1vel subsidi\u00e1ria em caso de acidentes. A condu\u00e7ao [&hellip;]<\/p>\n","protected":false},"author":1,"featured_media":0,"parent":0,"menu_order":0,"comment_status":"open","ping_status":"open","template":"","meta":{"_acf_changed":false,"_et_pb_use_builder":"on","_et_pb_old_content":"","_et_gb_content_width":"","_joinchat":[],"footnotes":"","_links_to":"","_links_to_target":""},"class_list":["post-7453","page","type-page","status-publish","hentry"],"acf":[],"yoast_head":"<!-- This site is optimized with the Yoast SEO plugin v27.5 - https:\/\/yoast.com\/product\/yoast-seo-wordpress\/ -->\n<title>Tienespuntos.com Empresas (Pt) - Pyramid Consulting<\/title>\n<meta name=\"robots\" content=\"index, follow, max-snippet:-1, max-image-preview:large, max-video-preview:-1\" \/>\n<link rel=\"canonical\" href=\"https:\/\/www.pyramidconsulting.es\/tienespuntos-com-empresas\/\" \/>\n<meta property=\"og:locale\" content=\"pt_PT\" \/>\n<meta property=\"og:type\" content=\"article\" \/>\n<meta property=\"og:title\" content=\"Tienespuntos.com Empresas (Pt) - Pyramid Consulting\" \/>\n<meta property=\"og:description\" content=\"[masterslider id=&quot;32&quot;] VO\u00c7E CONHECE O SALDO DE PONTOS DOS SEUS CONDUTORES? Com este servi\u00e7o manteremos voc\u00ea sempre informado de qualquer mudan\u00e7a em seu saldo de pontos. &nbsp;Conhe\u00e7e as consequ\u00eancias dos seus condutores conduzirem sem pontos? Falta de pontos na carta de conducir dos empregados torn a empresa respons\u00e1vel subsidi\u00e1ria em caso de acidentes. A condu\u00e7ao [&hellip;]\" \/>\n<meta property=\"og:url\" content=\"https:\/\/www.pyramidconsulting.es\/tienespuntos-com-empresas\/\" \/>\n<meta property=\"og:site_name\" content=\"Pyramid Consulting\" \/>\n<meta property=\"article:publisher\" content=\"https:\/\/www.facebook.com\/multayuda?fref=ts\" \/>\n<meta property=\"article:modified_time\" content=\"2016-07-11T10:22:08+00:00\" \/>\n<meta name=\"twitter:card\" content=\"summary_large_image\" \/>\n<meta name=\"twitter:site\" content=\"@Multayuda\" \/>\n<meta name=\"twitter:label1\" content=\"Tempo estimado de leitura\" \/>\n\t<meta name=\"twitter:data1\" content=\"6 minutos\" \/>\n<script type=\"application\/ld+json\" class=\"yoast-schema-graph\">{\"@context\":\"https:\\\/\\\/schema.org\",\"@graph\":[{\"@type\":\"WebPage\",\"@id\":\"https:\\\/\\\/www.pyramidconsulting.es\\\/tienespuntos-com-empresas\\\/\",\"url\":\"https:\\\/\\\/www.pyramidconsulting.es\\\/tienespuntos-com-empresas\\\/\",\"name\":\"Tienespuntos.com Empresas (Pt) - Pyramid Consulting\",\"isPartOf\":{\"@id\":\"https:\\\/\\\/www.pyramidconsulting.es\\\/#website\"},\"datePublished\":\"2015-04-21T09:51:38+00:00\",\"dateModified\":\"2016-07-11T10:22:08+00:00\",\"breadcrumb\":{\"@id\":\"https:\\\/\\\/www.pyramidconsulting.es\\\/tienespuntos-com-empresas\\\/#breadcrumb\"},\"inLanguage\":\"pt-PT\",\"potentialAction\":[{\"@type\":\"ReadAction\",\"target\":[\"https:\\\/\\\/www.pyramidconsulting.es\\\/tienespuntos-com-empresas\\\/\"]}]},{\"@type\":\"BreadcrumbList\",\"@id\":\"https:\\\/\\\/www.pyramidconsulting.es\\\/tienespuntos-com-empresas\\\/#breadcrumb\",\"itemListElement\":[{\"@type\":\"ListItem\",\"position\":1,\"name\":\"In\u00edcio\",\"item\":\"https:\\\/\\\/www.pyramidconsulting.es\\\/pt-pt\\\/\"},{\"@type\":\"ListItem\",\"position\":2,\"name\":\"Tienespuntos.com Empresas (Pt)\"}]},{\"@type\":\"WebSite\",\"@id\":\"https:\\\/\\\/www.pyramidconsulting.es\\\/#website\",\"url\":\"https:\\\/\\\/www.pyramidconsulting.es\\\/\",\"name\":\"Pyramid Consulting\",\"description\":\"Gestion de Multas. Ganamos 3 de cada 4 recursos.\",\"potentialAction\":[{\"@type\":\"SearchAction\",\"target\":{\"@type\":\"EntryPoint\",\"urlTemplate\":\"https:\\\/\\\/www.pyramidconsulting.es\\\/?s={search_term_string}\"},\"query-input\":{\"@type\":\"PropertyValueSpecification\",\"valueRequired\":true,\"valueName\":\"search_term_string\"}}],\"inLanguage\":\"pt-PT\"}]}<\/script>\n<!-- \/ Yoast SEO plugin. -->","yoast_head_json":{"title":"Tienespuntos.com Empresas (Pt) - Pyramid Consulting","robots":{"index":"index","follow":"follow","max-snippet":"max-snippet:-1","max-image-preview":"max-image-preview:large","max-video-preview":"max-video-preview:-1"},"canonical":"https:\/\/www.pyramidconsulting.es\/tienespuntos-com-empresas\/","og_locale":"pt_PT","og_type":"article","og_title":"Tienespuntos.com Empresas (Pt) - Pyramid Consulting","og_description":"[masterslider id=\"32\"] VO\u00c7E CONHECE O SALDO DE PONTOS DOS SEUS CONDUTORES? Com este servi\u00e7o manteremos voc\u00ea sempre informado de qualquer mudan\u00e7a em seu saldo de pontos. &nbsp;Conhe\u00e7e as consequ\u00eancias dos seus condutores conduzirem sem pontos? Falta de pontos na carta de conducir dos empregados torn a empresa respons\u00e1vel subsidi\u00e1ria em caso de acidentes. A condu\u00e7ao [&hellip;]","og_url":"https:\/\/www.pyramidconsulting.es\/tienespuntos-com-empresas\/","og_site_name":"Pyramid Consulting","article_publisher":"https:\/\/www.facebook.com\/multayuda?fref=ts","article_modified_time":"2016-07-11T10:22:08+00:00","twitter_card":"summary_large_image","twitter_site":"@Multayuda","twitter_misc":{"Tempo estimado de leitura":"6 minutos"},"schema":{"@context":"https:\/\/schema.org","@graph":[{"@type":"WebPage","@id":"https:\/\/www.pyramidconsulting.es\/tienespuntos-com-empresas\/","url":"https:\/\/www.pyramidconsulting.es\/tienespuntos-com-empresas\/","name":"Tienespuntos.com Empresas (Pt) - Pyramid Consulting","isPartOf":{"@id":"https:\/\/www.pyramidconsulting.es\/#website"},"datePublished":"2015-04-21T09:51:38+00:00","dateModified":"2016-07-11T10:22:08+00:00","breadcrumb":{"@id":"https:\/\/www.pyramidconsulting.es\/tienespuntos-com-empresas\/#breadcrumb"},"inLanguage":"pt-PT","potentialAction":[{"@type":"ReadAction","target":["https:\/\/www.pyramidconsulting.es\/tienespuntos-com-empresas\/"]}]},{"@type":"BreadcrumbList","@id":"https:\/\/www.pyramidconsulting.es\/tienespuntos-com-empresas\/#breadcrumb","itemListElement":[{"@type":"ListItem","position":1,"name":"In\u00edcio","item":"https:\/\/www.pyramidconsulting.es\/pt-pt\/"},{"@type":"ListItem","position":2,"name":"Tienespuntos.com Empresas (Pt)"}]},{"@type":"WebSite","@id":"https:\/\/www.pyramidconsulting.es\/#website","url":"https:\/\/www.pyramidconsulting.es\/","name":"Pyramid Consulting","description":"Gestion de Multas. Ganamos 3 de cada 4 recursos.","potentialAction":[{"@type":"SearchAction","target":{"@type":"EntryPoint","urlTemplate":"https:\/\/www.pyramidconsulting.es\/?s={search_term_string}"},"query-input":{"@type":"PropertyValueSpecification","valueRequired":true,"valueName":"search_term_string"}}],"inLanguage":"pt-PT"}]}},"_links":{"self":[{"href":"https:\/\/www.pyramidconsulting.es\/pt-pt\/wp-json\/wp\/v2\/pages\/7453","targetHints":{"allow":["GET"]}}],"collection":[{"href":"https:\/\/www.pyramidconsulting.es\/pt-pt\/wp-json\/wp\/v2\/pages"}],"about":[{"href":"https:\/\/www.pyramidconsulting.es\/pt-pt\/wp-json\/wp\/v2\/types\/page"}],"author":[{"embeddable":true,"href":"https:\/\/www.pyramidconsulting.es\/pt-pt\/wp-json\/wp\/v2\/users\/1"}],"replies":[{"embeddable":true,"href":"https:\/\/www.pyramidconsulting.es\/pt-pt\/wp-json\/wp\/v2\/comments?post=7453"}],"version-history":[{"count":0,"href":"https:\/\/www.pyramidconsulting.es\/pt-pt\/wp-json\/wp\/v2\/pages\/7453\/revisions"}],"wp:attachment":[{"href":"https:\/\/www.pyramidconsulting.es\/pt-pt\/wp-json\/wp\/v2\/media?parent=7453"}],"curies":[{"name":"wp","href":"https:\/\/api.w.org\/{rel}","templated":true}]}}