{"id":7458,"date":"2015-04-23T09:52:24","date_gmt":"2015-04-23T09:52:24","guid":{"rendered":"http:\/\/www.pyramidconsulting.es\/contacto\/?lang=pt-pt"},"modified":"2025-04-22T11:26:19","modified_gmt":"2025-04-22T09:26:19","slug":"contato","status":"publish","type":"page","link":"https:\/\/www.pyramidconsulting.es\/pt-pt\/contato\/","title":{"rendered":"Contato"},"content":{"rendered":"<p>[et_pb_section fb_built=&#8221;1&#8243; admin_label=&#8221;section&#8221; _builder_version=&#8221;4.16&#8243; da_disable_devices=&#8221;off|off|off&#8221; global_colors_info=&#8221;{}&#8221; da_is_popup=&#8221;off&#8221; da_exit_intent=&#8221;off&#8221; da_has_close=&#8221;on&#8221; da_alt_close=&#8221;off&#8221; da_dark_close=&#8221;off&#8221; da_not_modal=&#8221;on&#8221; da_is_singular=&#8221;off&#8221; da_with_loader=&#8221;off&#8221; da_has_shadow=&#8221;on&#8221;][et_pb_row column_structure=&#8221;2_3,1_3&#8243; admin_label=&#8221;row&#8221; _builder_version=&#8221;4.16&#8243; background_size=&#8221;initial&#8221; background_position=&#8221;top_left&#8221; background_repeat=&#8221;repeat&#8221; global_colors_info=&#8221;{}&#8221;][et_pb_column type=&#8221;2_3&#8243; _builder_version=&#8221;4.16&#8243; custom_padding=&#8221;|||&#8221; global_colors_info=&#8221;{}&#8221; custom_padding__hover=&#8221;|||&#8221;][et_pb_text admin_label=&#8221;Texto&#8221; _builder_version=&#8221;4.16&#8243; background_size=&#8221;initial&#8221; background_position=&#8221;top_left&#8221; background_repeat=&#8221;repeat&#8221; use_border_color=&#8221;off&#8221; border_color=&#8221;#ffffff&#8221; border_style=&#8221;solid&#8221; global_colors_info=&#8221;{}&#8221;]\n<div class=\"wpcf7 no-js\" id=\"wpcf7-f7457-o1\" lang=\"es-ES\" dir=\"ltr\" data-wpcf7-id=\"7457\">\n<div class=\"screen-reader-response\"><p role=\"status\" aria-live=\"polite\" aria-atomic=\"true\"><\/p> <ul><\/ul><\/div>\n<form action=\"\/pt-pt\/wp-json\/wp\/v2\/pages\/7458#wpcf7-f7457-o1\" method=\"post\" class=\"wpcf7-form init\" aria-label=\"Formulario de contacto\" novalidate=\"novalidate\" data-status=\"init\">\n<fieldset class=\"hidden-fields-container\"><input type=\"hidden\" name=\"_wpcf7\" value=\"7457\" \/><input type=\"hidden\" name=\"_wpcf7_version\" value=\"6.1.5\" \/><input type=\"hidden\" name=\"_wpcf7_locale\" value=\"es_ES\" \/><input type=\"hidden\" name=\"_wpcf7_unit_tag\" value=\"wpcf7-f7457-o1\" \/><input type=\"hidden\" name=\"_wpcf7_container_post\" value=\"0\" \/><input type=\"hidden\" name=\"_wpcf7_posted_data_hash\" value=\"\" \/><input type=\"hidden\" name=\"_wpcf7_recaptcha_response\" value=\"\" \/>\n<\/fieldset>\n<p>Nome e apelidos (obrigat\u00f3rio)\n<\/p>\n<p><span class=\"wpcf7-form-control-wrap\" data-name=\"your-name\"><input size=\"40\" maxlength=\"400\" class=\"wpcf7-form-control wpcf7-text wpcf7-validates-as-required\" aria-required=\"true\" aria-invalid=\"false\" value=\"\" type=\"text\" name=\"your-name\" \/><\/span>\n<\/p>\n<p>E-mail (obrigat\u00f3rio)\n<\/p>\n<p><span class=\"wpcf7-form-control-wrap\" data-name=\"your-email\"><input size=\"40\" maxlength=\"400\" class=\"wpcf7-form-control wpcf7-email wpcf7-validates-as-required wpcf7-text wpcf7-validates-as-email\" aria-required=\"true\" aria-invalid=\"false\" value=\"\" type=\"email\" name=\"your-email\" \/><\/span>\n<\/p>\n<p>Assunto\n<\/p>\n<p><span class=\"wpcf7-form-control-wrap\" data-name=\"your-subject\"><input size=\"40\" maxlength=\"400\" class=\"wpcf7-form-control wpcf7-text\" aria-invalid=\"false\" value=\"\" type=\"text\" name=\"your-subject\" \/><\/span>\n<\/p>\n<p>Mensagem\n<\/p>\n<p><span class=\"wpcf7-form-control-wrap\" data-name=\"your-message\"><textarea cols=\"40\" rows=\"10\" maxlength=\"2000\" class=\"wpcf7-form-control wpcf7-textarea\" aria-invalid=\"false\" name=\"your-message\"><\/textarea><\/span>\n<\/p>\n<p><span class=\"wpcf7-form-control-wrap\" data-name=\"acceptance-668\"><span class=\"wpcf7-form-control wpcf7-acceptance\"><span class=\"wpcf7-list-item\"><input type=\"checkbox\" name=\"acceptance-668\" value=\"1\" aria-invalid=\"false\" \/><\/span><\/span><\/span>Conforme artigo 13 do Regulamento Geral de Prote\u00e7\u00e3o de Dados o informamos que seus dados pessoais de contacto ser\u00e3o tratados por Pyramid Consulting com a finalidade de gerir as consultas realizadas pelos usu\u00e1rios atrav\u00e9s da web. Se deseja exercer seus direitos de acesso, retifica\u00e7\u00e3o, cancelamento ou oposi\u00e7\u00e3o, poder\u00e1 enviar uma mensagem por escrito ao seguinte e-mail:\u00a0info@pyramidconsulting.es.\n<\/p>\n<p><input class=\"wpcf7-form-control wpcf7-submit has-spinner\" type=\"submit\" value=\"Enviar\" \/>\n<\/p><div class=\"wpcf7-response-output\" aria-hidden=\"true\"><\/div>\n<\/form>\n<\/div>\n<br \/>\n[\/et_pb_text][\/et_pb_column][et_pb_column type=&#8221;1_3&#8243; _builder_version=&#8221;4.16&#8243; custom_padding=&#8221;|||&#8221; global_colors_info=&#8221;{}&#8221; custom_padding__hover=&#8221;|||&#8221;][et_pb_text admin_label=&#8221;Text&#8221; _builder_version=&#8221;4.27.4&#8243; background_size=&#8221;initial&#8221; background_position=&#8221;top_left&#8221; background_repeat=&#8221;repeat&#8221; hover_enabled=&#8221;0&#8243; use_border_color=&#8221;off&#8221; border_color=&#8221;#ffffff&#8221; border_style=&#8221;solid&#8221; global_colors_info=&#8221;{}&#8221; sticky_enabled=&#8221;0&#8243;]<\/p>\n<h3>Mais informa\u00e7\u00e3o<\/h3>\n<p class=\"text\" style=\"text-align: left;\" align=\"center\"><strong>MADRID<br \/><\/strong><span class=\"ui-provider nv ur us ut uu uv uw ux uy uz va vb vc vd ve vf vg vh vi vj vk vl vm vn vo vp vq vr vs vt vu vv vw vx vy\" dir=\"ltr\">Calle Princesa, 25. Edificio Hex\u00e1gono. 6\u00aa Planta. <\/span><span class=\"ui-provider nv ur us ut uu uv uw ux uy uz va vb vc vd ve vf vg vh vi vj vk vl vm vn vo vp vq vr vs vt vu vv vw vx vy\" dir=\"ltr\">28008<\/span><span class=\"ui-provider nv ur us ut uu uv uw ux uy uz va vb vc vd ve vf vg vh vi vj vk vl vm vn vo vp vq vr vs vt vu vv vw vx vy\" dir=\"ltr\">. <\/span><span class=\"ui-provider nv ur us ut uu uv uw ux uy uz va vb vc vd ve vf vg vh vi vj vk vl vm vn vo vp vq vr vs vt vu vv vw vx vy\" dir=\"ltr\">Madrid<\/span><span class=\"ui-provider nv ur us ut uu uv uw ux uy uz va vb vc vd ve vf vg vh vi vj vk vl vm vn vo vp vq vr vs vt vu vv vw vx vy\" dir=\"ltr\">.\u00a0<\/span><\/p>\n<p class=\"text\" style=\"text-align: left;\" align=\"center\">Tel.: +34 9 15 23 23 15<br \/>Fax: +34 91 522 93 53<\/p>\n<p>[\/et_pb_text][\/et_pb_column][\/et_pb_row][\/et_pb_section]<\/p>\n","protected":false},"excerpt":{"rendered":"<p>\n<div class=\"wpcf7 no-js\" id=\"wpcf7-f7457-o2\" lang=\"es-ES\" dir=\"ltr\" data-wpcf7-id=\"7457\">\n<div class=\"screen-reader-response\"><p role=\"status\" aria-live=\"polite\" aria-atomic=\"true\"><\/p> <ul><\/ul><\/div>\n<form action=\"\/pt-pt\/wp-json\/wp\/v2\/pages\/7458#wpcf7-f7457-o2\" method=\"post\" class=\"wpcf7-form init\" aria-label=\"Formulario de contacto\" novalidate=\"novalidate\" data-status=\"init\">\n<fieldset class=\"hidden-fields-container\"><input type=\"hidden\" name=\"_wpcf7\" value=\"7457\" \/><input type=\"hidden\" name=\"_wpcf7_version\" value=\"6.1.5\" \/><input type=\"hidden\" name=\"_wpcf7_locale\" value=\"es_ES\" \/><input type=\"hidden\" name=\"_wpcf7_unit_tag\" value=\"wpcf7-f7457-o2\" \/><input type=\"hidden\" name=\"_wpcf7_container_post\" value=\"0\" \/><input type=\"hidden\" name=\"_wpcf7_posted_data_hash\" value=\"\" \/><input type=\"hidden\" name=\"_wpcf7_recaptcha_response\" value=\"\" \/>\n<\/fieldset>\n<p>Nome e apelidos (obrigat\u00f3rio)\n<\/p>\n<p><span class=\"wpcf7-form-control-wrap\" data-name=\"your-name\"><input size=\"40\" maxlength=\"400\" class=\"wpcf7-form-control wpcf7-text wpcf7-validates-as-required\" aria-required=\"true\" aria-invalid=\"false\" value=\"\" type=\"text\" name=\"your-name\" \/><\/span>\n<\/p>\n<p>E-mail (obrigat\u00f3rio)\n<\/p>\n<p><span class=\"wpcf7-form-control-wrap\" data-name=\"your-email\"><input size=\"40\" maxlength=\"400\" class=\"wpcf7-form-control wpcf7-email wpcf7-validates-as-required wpcf7-text wpcf7-validates-as-email\" aria-required=\"true\" aria-invalid=\"false\" value=\"\" type=\"email\" name=\"your-email\" \/><\/span>\n<\/p>\n<p>Assunto\n<\/p>\n<p><span class=\"wpcf7-form-control-wrap\" data-name=\"your-subject\"><input size=\"40\" maxlength=\"400\" class=\"wpcf7-form-control wpcf7-text\" aria-invalid=\"false\" value=\"\" type=\"text\" name=\"your-subject\" \/><\/span>\n<\/p>\n<p>Mensagem\n<\/p>\n<p><span class=\"wpcf7-form-control-wrap\" data-name=\"your-message\"><textarea cols=\"40\" rows=\"10\" maxlength=\"2000\" class=\"wpcf7-form-control wpcf7-textarea\" aria-invalid=\"false\" name=\"your-message\"><\/textarea><\/span>\n<\/p>\n<p><span class=\"wpcf7-form-control-wrap\" data-name=\"acceptance-668\"><span class=\"wpcf7-form-control wpcf7-acceptance\"><span class=\"wpcf7-list-item\"><input type=\"checkbox\" name=\"acceptance-668\" value=\"1\" aria-invalid=\"false\" \/><\/span><\/span><\/span>Conforme artigo 13 do Regulamento Geral de Prote\u00e7\u00e3o de Dados o informamos que seus dados pessoais de contacto ser\u00e3o tratados por Pyramid Consulting com a finalidade de gerir as consultas realizadas pelos usu\u00e1rios atrav\u00e9s da web. Se deseja exercer seus direitos de acesso, retifica\u00e7\u00e3o, cancelamento ou oposi\u00e7\u00e3o, poder\u00e1 enviar uma mensagem por escrito ao seguinte e-mail:\u00a0info@pyramidconsulting.es.\n<\/p>\n<p><input class=\"wpcf7-form-control wpcf7-submit has-spinner\" type=\"submit\" value=\"Enviar\" \/>\n<\/p><div class=\"wpcf7-response-output\" aria-hidden=\"true\"><\/div>\n<\/form>\n<\/div>\n Mais informa\u00e7\u00e3o MADRIDCalle Princesa, 25. Edificio Hex\u00e1gono. 6\u00aa Planta. 28008. Madrid.\u00a0 Tel.: +34 9 15 23 23 15Fax: +34 91 522 93 53<\/p>\n","protected":false},"author":1,"featured_media":0,"parent":0,"menu_order":0,"comment_status":"open","ping_status":"open","template":"","meta":{"_acf_changed":false,"_et_pb_use_builder":"on","_et_pb_old_content":"","_et_gb_content_width":"","_joinchat":[],"footnotes":"","_links_to":"","_links_to_target":""},"class_list":["post-7458","page","type-page","status-publish","hentry"],"acf":[],"yoast_head":"<!-- This site is optimized with the Yoast SEO plugin v27.2 - https:\/\/yoast.com\/product\/yoast-seo-wordpress\/ -->\n<title>Contato - Pyramid Consulting<\/title>\n<meta name=\"robots\" content=\"index, follow, max-snippet:-1, max-image-preview:large, max-video-preview:-1\" \/>\n<link rel=\"canonical\" href=\"https:\/\/www.pyramidconsulting.es\/pt-pt\/contato\/\" \/>\n<meta property=\"og:locale\" content=\"pt_PT\" \/>\n<meta property=\"og:type\" content=\"article\" \/>\n<meta property=\"og:title\" content=\"Contato - Pyramid Consulting\" \/>\n<meta property=\"og:description\" content=\"Mais informa\u00e7\u00e3o MADRIDCalle Princesa, 25. Edificio Hex\u00e1gono. 6\u00aa Planta. 28008. Madrid.\u00a0 Tel.: +34 9 15 23 23 15Fax: +34 91 522 93 53\" \/>\n<meta property=\"og:url\" content=\"https:\/\/www.pyramidconsulting.es\/pt-pt\/contato\/\" \/>\n<meta property=\"og:site_name\" content=\"Pyramid Consulting\" \/>\n<meta property=\"article:publisher\" content=\"https:\/\/www.facebook.com\/multayuda?fref=ts\" \/>\n<meta property=\"article:modified_time\" content=\"2025-04-22T09:26:19+00:00\" \/>\n<meta name=\"twitter:card\" content=\"summary_large_image\" \/>\n<meta name=\"twitter:site\" content=\"@Multayuda\" \/>\n<meta name=\"twitter:label1\" content=\"Tempo estimado de leitura\" \/>\n\t<meta name=\"twitter:data1\" content=\"1 minuto\" \/>\n<script type=\"application\/ld+json\" class=\"yoast-schema-graph\">{\"@context\":\"https:\/\/schema.org\",\"@graph\":[{\"@type\":\"WebPage\",\"@id\":\"https:\/\/www.pyramidconsulting.es\/pt-pt\/contato\/\",\"url\":\"https:\/\/www.pyramidconsulting.es\/pt-pt\/contato\/\",\"name\":\"Contato - Pyramid Consulting\",\"isPartOf\":{\"@id\":\"https:\/\/www.pyramidconsulting.es\/#website\"},\"datePublished\":\"2015-04-23T09:52:24+00:00\",\"dateModified\":\"2025-04-22T09:26:19+00:00\",\"breadcrumb\":{\"@id\":\"https:\/\/www.pyramidconsulting.es\/pt-pt\/contato\/#breadcrumb\"},\"inLanguage\":\"pt-PT\",\"potentialAction\":[{\"@type\":\"ReadAction\",\"target\":[\"https:\/\/www.pyramidconsulting.es\/pt-pt\/contato\/\"]}]},{\"@type\":\"BreadcrumbList\",\"@id\":\"https:\/\/www.pyramidconsulting.es\/pt-pt\/contato\/#breadcrumb\",\"itemListElement\":[{\"@type\":\"ListItem\",\"position\":1,\"name\":\"In\u00edcio\",\"item\":\"https:\/\/www.pyramidconsulting.es\/pt-pt\/\"},{\"@type\":\"ListItem\",\"position\":2,\"name\":\"Contato\"}]},{\"@type\":\"WebSite\",\"@id\":\"https:\/\/www.pyramidconsulting.es\/#website\",\"url\":\"https:\/\/www.pyramidconsulting.es\/\",\"name\":\"Pyramid Consulting\",\"description\":\"Gestion de Multas. Ganamos 3 de cada 4 recursos.\",\"potentialAction\":[{\"@type\":\"SearchAction\",\"target\":{\"@type\":\"EntryPoint\",\"urlTemplate\":\"https:\/\/www.pyramidconsulting.es\/?s={search_term_string}\"},\"query-input\":{\"@type\":\"PropertyValueSpecification\",\"valueRequired\":true,\"valueName\":\"search_term_string\"}}],\"inLanguage\":\"pt-PT\"}]}<\/script>\n<!-- \/ Yoast SEO plugin. -->","yoast_head_json":{"title":"Contato - Pyramid Consulting","robots":{"index":"index","follow":"follow","max-snippet":"max-snippet:-1","max-image-preview":"max-image-preview:large","max-video-preview":"max-video-preview:-1"},"canonical":"https:\/\/www.pyramidconsulting.es\/pt-pt\/contato\/","og_locale":"pt_PT","og_type":"article","og_title":"Contato - Pyramid Consulting","og_description":"Mais informa\u00e7\u00e3o MADRIDCalle Princesa, 25. Edificio Hex\u00e1gono. 6\u00aa Planta. 28008. Madrid.\u00a0 Tel.: +34 9 15 23 23 15Fax: +34 91 522 93 53","og_url":"https:\/\/www.pyramidconsulting.es\/pt-pt\/contato\/","og_site_name":"Pyramid Consulting","article_publisher":"https:\/\/www.facebook.com\/multayuda?fref=ts","article_modified_time":"2025-04-22T09:26:19+00:00","twitter_card":"summary_large_image","twitter_site":"@Multayuda","twitter_misc":{"Tempo estimado de leitura":"1 minuto"},"schema":{"@context":"https:\/\/schema.org","@graph":[{"@type":"WebPage","@id":"https:\/\/www.pyramidconsulting.es\/pt-pt\/contato\/","url":"https:\/\/www.pyramidconsulting.es\/pt-pt\/contato\/","name":"Contato - Pyramid Consulting","isPartOf":{"@id":"https:\/\/www.pyramidconsulting.es\/#website"},"datePublished":"2015-04-23T09:52:24+00:00","dateModified":"2025-04-22T09:26:19+00:00","breadcrumb":{"@id":"https:\/\/www.pyramidconsulting.es\/pt-pt\/contato\/#breadcrumb"},"inLanguage":"pt-PT","potentialAction":[{"@type":"ReadAction","target":["https:\/\/www.pyramidconsulting.es\/pt-pt\/contato\/"]}]},{"@type":"BreadcrumbList","@id":"https:\/\/www.pyramidconsulting.es\/pt-pt\/contato\/#breadcrumb","itemListElement":[{"@type":"ListItem","position":1,"name":"In\u00edcio","item":"https:\/\/www.pyramidconsulting.es\/pt-pt\/"},{"@type":"ListItem","position":2,"name":"Contato"}]},{"@type":"WebSite","@id":"https:\/\/www.pyramidconsulting.es\/#website","url":"https:\/\/www.pyramidconsulting.es\/","name":"Pyramid Consulting","description":"Gestion de Multas. Ganamos 3 de cada 4 recursos.","potentialAction":[{"@type":"SearchAction","target":{"@type":"EntryPoint","urlTemplate":"https:\/\/www.pyramidconsulting.es\/?s={search_term_string}"},"query-input":{"@type":"PropertyValueSpecification","valueRequired":true,"valueName":"search_term_string"}}],"inLanguage":"pt-PT"}]}},"_links":{"self":[{"href":"https:\/\/www.pyramidconsulting.es\/pt-pt\/wp-json\/wp\/v2\/pages\/7458","targetHints":{"allow":["GET"]}}],"collection":[{"href":"https:\/\/www.pyramidconsulting.es\/pt-pt\/wp-json\/wp\/v2\/pages"}],"about":[{"href":"https:\/\/www.pyramidconsulting.es\/pt-pt\/wp-json\/wp\/v2\/types\/page"}],"author":[{"embeddable":true,"href":"https:\/\/www.pyramidconsulting.es\/pt-pt\/wp-json\/wp\/v2\/users\/1"}],"replies":[{"embeddable":true,"href":"https:\/\/www.pyramidconsulting.es\/pt-pt\/wp-json\/wp\/v2\/comments?post=7458"}],"version-history":[{"count":4,"href":"https:\/\/www.pyramidconsulting.es\/pt-pt\/wp-json\/wp\/v2\/pages\/7458\/revisions"}],"predecessor-version":[{"id":70346,"href":"https:\/\/www.pyramidconsulting.es\/pt-pt\/wp-json\/wp\/v2\/pages\/7458\/revisions\/70346"}],"wp:attachment":[{"href":"https:\/\/www.pyramidconsulting.es\/pt-pt\/wp-json\/wp\/v2\/media?parent=7458"}],"curies":[{"name":"wp","href":"https:\/\/api.w.org\/{rel}","templated":true}]}}