{"id":7735,"date":"2016-06-01T16:41:27","date_gmt":"2016-06-01T16:41:27","guid":{"rendered":"http:\/\/www.pyramidconsulting.es\/?page_id=7735&#038;lang=pt-pt"},"modified":"2022-09-26T13:19:17","modified_gmt":"2022-09-26T11:19:17","slug":"pyramid-consulting-em-media","status":"publish","type":"page","link":"https:\/\/www.pyramidconsulting.es\/pt-pt\/pyramid-consulting-em-media\/","title":{"rendered":"Pyramid Consulting em Media"},"content":{"rendered":"<p>[et_pb_section fb_built=&#8221;1&#8243; custom_padding_last_edited=&#8221;on|desktop&#8221; admin_label=&#8221;section&#8221; module_id=&#8221;margintop&#8221; module_class=&#8221;margintop&#8221; _builder_version=&#8221;4.16&#8243; background_color=&#8221;#ffffff&#8221; custom_padding_tablet=&#8221;50px|0|50px|0&#8243; transparent_background=&#8221;off&#8221; padding_mobile=&#8221;off&#8221; make_fullwidth=&#8221;off&#8221; use_custom_width=&#8221;off&#8221; width_unit=&#8221;on&#8221; global_colors_info=&#8221;{}&#8221; custom_padding_phone=&#8221;50px|0|50px|0&#8243;][et_pb_row admin_label=&#8221;row&#8221; _builder_version=&#8221;4.16&#8243; background_size=&#8221;initial&#8221; background_position=&#8221;top_left&#8221; background_repeat=&#8221;repeat&#8221; global_colors_info=&#8221;{}&#8221;][et_pb_column type=&#8221;4_4&#8243; _builder_version=&#8221;4.16&#8243; custom_padding=&#8221;|||&#8221; global_colors_info=&#8221;{}&#8221; custom_padding__hover=&#8221;|||&#8221;][et_pb_text admin_label=&#8221;Texto&#8221; _builder_version=&#8221;4.17.4&#8243; text_line_height=&#8221;2em&#8221; background_size=&#8221;initial&#8221; background_position=&#8221;top_left&#8221; background_repeat=&#8221;repeat&#8221; hover_enabled=&#8221;0&#8243; use_border_color=&#8221;off&#8221; border_color=&#8221;#ffffff&#8221; border_style=&#8221;solid&#8221; global_colors_info=&#8221;{}&#8221; sticky_enabled=&#8221;0&#8243;]<\/p>\n<h1><span style=\"color: #1c507d;\">Pyramid Consulting nos meios de comunica\u00e7\u00e3o<\/span><\/h1>\n<hr \/>\n<p>[\/et_pb_text][\/et_pb_column][\/et_pb_row][et_pb_row admin_label=&#8221;row&#8221; _builder_version=&#8221;4.16&#8243; background_size=&#8221;initial&#8221; background_position=&#8221;top_left&#8221; background_repeat=&#8221;repeat&#8221; global_colors_info=&#8221;{}&#8221; column_structure=&#8221;1_2,1_2&#8243;][et_pb_column type=&#8221;1_2&#8243; _builder_version=&#8221;4.16&#8243; custom_padding=&#8221;|||&#8221; global_colors_info=&#8221;{}&#8221; custom_padding__hover=&#8221;|||&#8221;][et_pb_blurb use_icon=&#8221;on&#8221; font_icon=&#8221;&#x49;||divi||400&#8243; icon_color=&#8221;#1C507D&#8221; admin_label=&#8221;Anuncio&#8221; module_id=&#8221;margintop&#8221; module_class=&#8221;margintop&#8221; _builder_version=&#8221;4.16&#8243; body_line_height=&#8221;2em&#8221; background_size=&#8221;initial&#8221; background_position=&#8221;top_left&#8221; background_repeat=&#8221;repeat&#8221; custom_margin=&#8221;||-25px|&#8221; use_border_color=&#8221;off&#8221; border_color=&#8221;#ffffff&#8221; border_style=&#8221;solid&#8221; image_max_width=&#8221;none&#8221; use_circle=&#8221;off&#8221; use_circle_border=&#8221;off&#8221; circle_border_color=&#8221;#7EBEC5&#8243; circle_color=&#8221;#7EBEC5&#8243; global_colors_info=&#8221;{}&#8221;]&nbsp;<br \/>\n[\/et_pb_blurb][et_pb_toggle title=&#8221;V\u00eddeos&#8221; admin_label=&#8221;Conmutador&#8221; _builder_version=&#8221;4.16&#8243; body_line_height=&#8221;2em&#8221; background_size=&#8221;initial&#8221; background_position=&#8221;top_left&#8221; background_repeat=&#8221;repeat&#8221; use_border_color=&#8221;off&#8221; border_color=&#8221;#ffffff&#8221; border_style=&#8221;solid&#8221; global_colors_info=&#8221;{}&#8221;]https:\/\/youtu.be\/m3bSxPvNY7Q<\/p>\n<p>&nbsp;<\/p>\n<p>https:\/\/youtu.be\/IbM9XP58hn0<\/p>\n<p>&nbsp;<\/p>\n<p>https:\/\/youtu.be\/VwiX2SsVOTw<\/p>\n<p>&nbsp;<\/p>\n<p>https:\/\/youtu.be\/8rg32qyIgHI<\/p>\n<p>&nbsp;<\/p>\n<p>https:\/\/youtu.be\/r7yD6C1lKb0<\/p>\n<p>&nbsp;<\/p>\n<p>https:\/\/youtu.be\/3GWdIaG9QWE<br \/>\n[\/et_pb_toggle][et_pb_divider show_divider=&#8221;off&#8221; disabled_on=&#8221;on|on|off&#8221; admin_label=&#8221;Separador&#8221; _builder_version=&#8221;4.16&#8243; hide_on_mobile=&#8221;on&#8221; global_colors_info=&#8221;{}&#8221;]&nbsp;<br \/>\n[\/et_pb_divider][\/et_pb_column][et_pb_column type=&#8221;1_2&#8243; _builder_version=&#8221;4.16&#8243; custom_padding=&#8221;|||&#8221; global_colors_info=&#8221;{}&#8221; custom_padding__hover=&#8221;|||&#8221;][et_pb_blurb use_icon=&#8221;on&#8221; font_icon=&#8221;&#x7a;||divi||400&#8243; icon_color=&#8221;#1c507d&#8221; admin_label=&#8221;Anuncio&#8221; module_id=&#8221;margintop&#8221; module_class=&#8221;margintop&#8221; _builder_version=&#8221;4.16&#8243; background_size=&#8221;initial&#8221; background_position=&#8221;top_left&#8221; background_repeat=&#8221;repeat&#8221; custom_margin=&#8221;||-20px|&#8221; use_border_color=&#8221;off&#8221; border_color=&#8221;#ffffff&#8221; border_style=&#8221;solid&#8221; image_max_width=&#8221;none&#8221; use_circle=&#8221;off&#8221; use_circle_border=&#8221;off&#8221; circle_border_color=&#8221;#7EBEC5&#8243; circle_color=&#8221;#7EBEC5&#8243; global_colors_info=&#8221;{}&#8221;]&nbsp;<br \/>\n[\/et_pb_blurb][et_pb_toggle title=&#8221;Radio&#8221; admin_label=&#8221;Conmutador&#8221; _builder_version=&#8221;4.16&#8243; background_size=&#8221;initial&#8221; background_position=&#8221;top_left&#8221; background_repeat=&#8221;repeat&#8221; use_border_color=&#8221;off&#8221; border_color=&#8221;#ffffff&#8221; border_style=&#8221;solid&#8221; global_colors_info=&#8221;{}&#8221;]<a href=\"https:\/\/www.pyramidconsulting.es\/misc\/COPE_AUTO_24062015.mp3\">24\/06\/2015 Cope (Cope Auto)<\/a><\/p>\n<p><a href=\"https:\/\/www.pyramidconsulting.es\/misc\/COPE_19_11_2014.mp3\">19\/11\/2014 Cope (Cope Auto)<\/a><\/p>\n<p><a href=\"https:\/\/www.pyramidconsulting.es\/misc\/Capital_Radio_11_07_2014.mp3\">11\/07\/2014 Capital Radio<\/a><\/p>\n<p><a href=\"https:\/\/www.pyramidconsulting.es\/misc\/Cope_La%20Tarde_12_06_2014.mp3\">12\/06\/2014 Cope (La Tarde)<\/a><\/p>\n<p><a href=\"https:\/\/www.pyramidconsulting.es\/misc\/Capital_Radio_28_05_2014.mp3\">28\/05\/2014 Capital Radio<\/a><\/p>\n<p><a href=\"https:\/\/cdn.pyramidconsulting.es\/imageswp\/Cope_Valencia_Luz_de_Cruce_12_05_2014.mp3\">12\/05\/2014 Cope Valencia (Luz de Cruce)<\/a><\/p>\n<p><a href=\"https:\/\/www.pyramidconsulting.es\/misc\/Radio_Pozuelo_15_11_2013.mp3\">15\/11\/2013 Radio Pozuelo<\/a><\/p>\n<p><a href=\"https:\/\/www.pyramidconsulting.es\/misc\/Onda_Madrid_14_11_2013.mp3\">14\/11\/2013 Onda Madrid<\/a><\/p>\n<p><a href=\"https:\/\/www.pyramidconsulting.es\/misc\/Onda_Cero_13_11_2013.mp3\">13\/11\/2013 Onda Cero<\/a><\/p>\n<p><a href=\"https:\/\/www.pyramidconsulting.es\/misc\/Radio_Libertad_31_05_2013.mp3\">31\/05\/2013 Radio Libertad<\/a><br \/>\n[\/et_pb_toggle][\/et_pb_column][\/et_pb_row][\/et_pb_section]<\/p>\n","protected":false},"excerpt":{"rendered":"<p>Pyramid Consulting nos meios de comunica\u00e7\u00e3o &nbsp; https:\/\/youtu.be\/m3bSxPvNY7Q &nbsp; https:\/\/youtu.be\/IbM9XP58hn0 &nbsp; https:\/\/youtu.be\/VwiX2SsVOTw &nbsp; https:\/\/youtu.be\/8rg32qyIgHI &nbsp; https:\/\/youtu.be\/r7yD6C1lKb0 &nbsp; https:\/\/youtu.be\/3GWdIaG9QWE &nbsp; &nbsp; 24\/06\/2015 Cope (Cope Auto) 19\/11\/2014 Cope (Cope Auto) 11\/07\/2014 Capital Radio 12\/06\/2014 Cope (La Tarde) 28\/05\/2014 Capital Radio 12\/05\/2014 Cope Valencia (Luz de Cruce) 15\/11\/2013 Radio Pozuelo 14\/11\/2013 Onda Madrid 13\/11\/2013 Onda Cero 31\/05\/2013 Radio [&hellip;]<\/p>\n","protected":false},"author":1,"featured_media":0,"parent":0,"menu_order":0,"comment_status":"closed","ping_status":"closed","template":"","meta":{"_acf_changed":false,"_et_pb_use_builder":"on","_et_pb_old_content":"","_et_gb_content_width":"","_joinchat":[],"footnotes":"","_links_to":"","_links_to_target":""},"class_list":["post-7735","page","type-page","status-publish","hentry"],"acf":[],"yoast_head":"<!-- This site is optimized with the Yoast SEO plugin v27.5 - https:\/\/yoast.com\/product\/yoast-seo-wordpress\/ -->\n<title>Pyramid Consulting em Media - Pyramid<\/title>\n<meta name=\"description\" content=\"Apari\u00e7\u00f5es na televis\u00e3o e r\u00e1dio de Pyramid Consulting. Pyramid Consulting em Media\" \/>\n<meta name=\"robots\" content=\"index, follow, max-snippet:-1, max-image-preview:large, max-video-preview:-1\" \/>\n<link rel=\"canonical\" href=\"https:\/\/www.pyramidconsulting.es\/pt-pt\/pyramid-consulting-em-media\/\" \/>\n<meta property=\"og:locale\" content=\"pt_PT\" \/>\n<meta property=\"og:type\" content=\"article\" \/>\n<meta property=\"og:title\" content=\"Pyramid Consulting em Media - Pyramid\" \/>\n<meta property=\"og:description\" content=\"Apari\u00e7\u00f5es na televis\u00e3o e r\u00e1dio de Pyramid Consulting. Pyramid Consulting em Media\" \/>\n<meta property=\"og:url\" content=\"https:\/\/www.pyramidconsulting.es\/pt-pt\/pyramid-consulting-em-media\/\" \/>\n<meta property=\"og:site_name\" content=\"Pyramid Consulting\" \/>\n<meta property=\"article:publisher\" content=\"https:\/\/www.facebook.com\/multayuda?fref=ts\" \/>\n<meta property=\"article:modified_time\" content=\"2022-09-26T11:19:17+00:00\" \/>\n<meta name=\"twitter:card\" content=\"summary_large_image\" \/>\n<meta name=\"twitter:site\" content=\"@Multayuda\" \/>\n<meta name=\"twitter:label1\" content=\"Tempo estimado de leitura\" \/>\n\t<meta name=\"twitter:data1\" content=\"3 minutos\" \/>\n<script type=\"application\/ld+json\" class=\"yoast-schema-graph\">{\"@context\":\"https:\\\/\\\/schema.org\",\"@graph\":[{\"@type\":\"WebPage\",\"@id\":\"https:\\\/\\\/www.pyramidconsulting.es\\\/pt-pt\\\/pyramid-consulting-em-media\\\/\",\"url\":\"https:\\\/\\\/www.pyramidconsulting.es\\\/pt-pt\\\/pyramid-consulting-em-media\\\/\",\"name\":\"Pyramid Consulting em Media - Pyramid\",\"isPartOf\":{\"@id\":\"https:\\\/\\\/www.pyramidconsulting.es\\\/#website\"},\"datePublished\":\"2016-06-01T16:41:27+00:00\",\"dateModified\":\"2022-09-26T11:19:17+00:00\",\"description\":\"Apari\u00e7\u00f5es na televis\u00e3o e r\u00e1dio de Pyramid Consulting. Pyramid Consulting em Media\",\"breadcrumb\":{\"@id\":\"https:\\\/\\\/www.pyramidconsulting.es\\\/pt-pt\\\/pyramid-consulting-em-media\\\/#breadcrumb\"},\"inLanguage\":\"pt-PT\",\"potentialAction\":[{\"@type\":\"ReadAction\",\"target\":[\"https:\\\/\\\/www.pyramidconsulting.es\\\/pt-pt\\\/pyramid-consulting-em-media\\\/\"]}]},{\"@type\":\"BreadcrumbList\",\"@id\":\"https:\\\/\\\/www.pyramidconsulting.es\\\/pt-pt\\\/pyramid-consulting-em-media\\\/#breadcrumb\",\"itemListElement\":[{\"@type\":\"ListItem\",\"position\":1,\"name\":\"In\u00edcio\",\"item\":\"https:\\\/\\\/www.pyramidconsulting.es\\\/pt-pt\\\/\"},{\"@type\":\"ListItem\",\"position\":2,\"name\":\"Pyramid Consulting em Media\"}]},{\"@type\":\"WebSite\",\"@id\":\"https:\\\/\\\/www.pyramidconsulting.es\\\/#website\",\"url\":\"https:\\\/\\\/www.pyramidconsulting.es\\\/\",\"name\":\"Pyramid Consulting\",\"description\":\"Gestion de Multas. Ganamos 3 de cada 4 recursos.\",\"potentialAction\":[{\"@type\":\"SearchAction\",\"target\":{\"@type\":\"EntryPoint\",\"urlTemplate\":\"https:\\\/\\\/www.pyramidconsulting.es\\\/?s={search_term_string}\"},\"query-input\":{\"@type\":\"PropertyValueSpecification\",\"valueRequired\":true,\"valueName\":\"search_term_string\"}}],\"inLanguage\":\"pt-PT\"}]}<\/script>\n<!-- \/ Yoast SEO plugin. -->","yoast_head_json":{"title":"Pyramid Consulting em Media - Pyramid","description":"Apari\u00e7\u00f5es na televis\u00e3o e r\u00e1dio de Pyramid Consulting. Pyramid Consulting em Media","robots":{"index":"index","follow":"follow","max-snippet":"max-snippet:-1","max-image-preview":"max-image-preview:large","max-video-preview":"max-video-preview:-1"},"canonical":"https:\/\/www.pyramidconsulting.es\/pt-pt\/pyramid-consulting-em-media\/","og_locale":"pt_PT","og_type":"article","og_title":"Pyramid Consulting em Media - Pyramid","og_description":"Apari\u00e7\u00f5es na televis\u00e3o e r\u00e1dio de Pyramid Consulting. Pyramid Consulting em Media","og_url":"https:\/\/www.pyramidconsulting.es\/pt-pt\/pyramid-consulting-em-media\/","og_site_name":"Pyramid Consulting","article_publisher":"https:\/\/www.facebook.com\/multayuda?fref=ts","article_modified_time":"2022-09-26T11:19:17+00:00","twitter_card":"summary_large_image","twitter_site":"@Multayuda","twitter_misc":{"Tempo estimado de leitura":"3 minutos"},"schema":{"@context":"https:\/\/schema.org","@graph":[{"@type":"WebPage","@id":"https:\/\/www.pyramidconsulting.es\/pt-pt\/pyramid-consulting-em-media\/","url":"https:\/\/www.pyramidconsulting.es\/pt-pt\/pyramid-consulting-em-media\/","name":"Pyramid Consulting em Media - Pyramid","isPartOf":{"@id":"https:\/\/www.pyramidconsulting.es\/#website"},"datePublished":"2016-06-01T16:41:27+00:00","dateModified":"2022-09-26T11:19:17+00:00","description":"Apari\u00e7\u00f5es na televis\u00e3o e r\u00e1dio de Pyramid Consulting. Pyramid Consulting em Media","breadcrumb":{"@id":"https:\/\/www.pyramidconsulting.es\/pt-pt\/pyramid-consulting-em-media\/#breadcrumb"},"inLanguage":"pt-PT","potentialAction":[{"@type":"ReadAction","target":["https:\/\/www.pyramidconsulting.es\/pt-pt\/pyramid-consulting-em-media\/"]}]},{"@type":"BreadcrumbList","@id":"https:\/\/www.pyramidconsulting.es\/pt-pt\/pyramid-consulting-em-media\/#breadcrumb","itemListElement":[{"@type":"ListItem","position":1,"name":"In\u00edcio","item":"https:\/\/www.pyramidconsulting.es\/pt-pt\/"},{"@type":"ListItem","position":2,"name":"Pyramid Consulting em Media"}]},{"@type":"WebSite","@id":"https:\/\/www.pyramidconsulting.es\/#website","url":"https:\/\/www.pyramidconsulting.es\/","name":"Pyramid Consulting","description":"Gestion de Multas. Ganamos 3 de cada 4 recursos.","potentialAction":[{"@type":"SearchAction","target":{"@type":"EntryPoint","urlTemplate":"https:\/\/www.pyramidconsulting.es\/?s={search_term_string}"},"query-input":{"@type":"PropertyValueSpecification","valueRequired":true,"valueName":"search_term_string"}}],"inLanguage":"pt-PT"}]}},"_links":{"self":[{"href":"https:\/\/www.pyramidconsulting.es\/pt-pt\/wp-json\/wp\/v2\/pages\/7735","targetHints":{"allow":["GET"]}}],"collection":[{"href":"https:\/\/www.pyramidconsulting.es\/pt-pt\/wp-json\/wp\/v2\/pages"}],"about":[{"href":"https:\/\/www.pyramidconsulting.es\/pt-pt\/wp-json\/wp\/v2\/types\/page"}],"author":[{"embeddable":true,"href":"https:\/\/www.pyramidconsulting.es\/pt-pt\/wp-json\/wp\/v2\/users\/1"}],"replies":[{"embeddable":true,"href":"https:\/\/www.pyramidconsulting.es\/pt-pt\/wp-json\/wp\/v2\/comments?post=7735"}],"version-history":[{"count":1,"href":"https:\/\/www.pyramidconsulting.es\/pt-pt\/wp-json\/wp\/v2\/pages\/7735\/revisions"}],"predecessor-version":[{"id":61916,"href":"https:\/\/www.pyramidconsulting.es\/pt-pt\/wp-json\/wp\/v2\/pages\/7735\/revisions\/61916"}],"wp:attachment":[{"href":"https:\/\/www.pyramidconsulting.es\/pt-pt\/wp-json\/wp\/v2\/media?parent=7735"}],"curies":[{"name":"wp","href":"https:\/\/api.w.org\/{rel}","templated":true}]}}